{"id":786,"date":"2026-01-20T11:35:05","date_gmt":"2026-01-20T10:35:05","guid":{"rendered":"https:\/\/www.surtelec.com\/?page_id=786"},"modified":"2026-01-20T12:22:32","modified_gmt":"2026-01-20T11:22:32","slug":"backup-power-supply","status":"publish","type":"page","link":"https:\/\/www.surtelec.com\/en\/backup-power-supply\/","title":{"rendered":"Backup power supply"},"content":{"rendered":"<p>[vc_row bg_type=&#8221;gradient&#8221; bg_gradient_color_1=&#8221;#f4f4f4&#8243; bg_gradient_color_2=&#8221;rgba(255,255,255,0.9)&#8221; bg_gradient_direction=&#8221;180&#8243; padding_top_multiplier=&#8221;3x&#8221;][vc_column]<h2 class=\"grve-element grve-title grve-align-left grve-h2\" style=\"margin-bottom: 0px;\"><span>OUR <strong>BACKUP POWER SUPPLY<\/strong><\/span><\/h2>[\/vc_column][\/vc_row][vc_row padding_bottom_multiplier=&#8221;3x&#8221;][vc_column][vc_row_inner el_class=&#8221;prod-3col&#8221;][vc_column_inner width=&#8221;1\/3&#8243; css=&#8221;.vc_custom_1658477945839{padding-top: 5% !important;padding-right: 5% !important;padding-bottom: 5% !important;padding-left: 5% !important;background-color: #ffffff !important;border-radius: 10px !important;}&#8221; el_class=&#8221;shad-produits&#8221;]<div class=\"grve-element grve-image grve-align-center grve-full-image grve-image-space-100\" style=\"\">  <div class=\"grve-image-wrapper\"><img loading=\"lazy\" decoding=\"async\" width=\"720\" height=\"720\" src=\"https:\/\/www.surtelec.com\/wp-content\/uploads\/2026\/01\/alimentation_modulaire_regulee_secourue_50106_720x720.jpg\" class=\"attachment-full size-full\" alt=\"Alimentation modulaire r\u00e9gul\u00e9e secourue 50106\" srcset=\"https:\/\/www.surtelec.com\/wp-content\/uploads\/2026\/01\/alimentation_modulaire_regulee_secourue_50106_720x720.jpg 720w, https:\/\/www.surtelec.com\/wp-content\/uploads\/2026\/01\/alimentation_modulaire_regulee_secourue_50106_720x720-300x300.jpg 300w, https:\/\/www.surtelec.com\/wp-content\/uploads\/2026\/01\/alimentation_modulaire_regulee_secourue_50106_720x720-150x150.jpg 150w, https:\/\/www.surtelec.com\/wp-content\/uploads\/2026\/01\/alimentation_modulaire_regulee_secourue_50106_720x720-560x560.jpg 560w\" sizes=\"auto, (max-width: 720px) 100vw, 720px\" \/>   <\/div><\/div><h4 class=\"grve-element grve-title grve-align-left grve-h4\" style=\"\"><span>Modular regulated backup power supply 50106<\/span><\/h4>[vc_column_text]- Battery-backed modular power supply, enabling power to be supplied to the DTfoudre and any low-power electronic device requiring autonomy in the event of a mains power failure<br \/>\n&#8211; Compliant with EMC directives: EN 50081-1 and 50082-1 low voltage EN 60950[\/vc_column_text]<div class=\"grve-element grve-align-left btn-fiche-produit\"><a href=\"https:\/\/www.surtelec.com\/wp-content\/uploads\/2026\/01\/PDF_Alimentation_Secourue_50106.pdf\" target=\"_blank\" rel=\"noopener noreferrer\" class=\"grve-btn grve-btn-small grve-square grve-bg-primary-1 grve-bg-hover-primary-2\"><span><i class=\"fas fa-file-alt\"><\/i>Detailed technical specifications<\/span><\/a><\/div>[\/vc_column_inner][\/vc_row_inner][\/vc_column][\/vc_row][vc_row bg_type=&#8221;gradient&#8221; bg_gradient_color_1=&#8221;#f4f4f4&#8243; bg_gradient_color_2=&#8221;rgba(255,255,255,0.9)&#8221; bg_gradient_direction=&#8221;135&#8243; padding_top_multiplier=&#8221;3x&#8221; padding_bottom_multiplier=&#8221;3x&#8221;][vc_column heading_color=&#8221;light&#8221; shadow=&#8221;medium&#8221; clipping_animation=&#8221;colored-clipping-left&#8221; clipping_animation_colors=&#8221;primary-2&#8243; css=&#8221;.vc_custom_1658250593504{padding-top: 5% !important;padding-right: 10% !important;padding-bottom: 5% !important;padding-left: 10% !important;background-image: url(https:\/\/www.surtelec.com\/wp-content\/uploads\/2022\/07\/background-bleu-degrade.jpg?id=300) !important;background-position: center !important;background-repeat: no-repeat !important;background-size: cover !important;border-radius: 10px !important;}&#8221; font_color=&#8221;#ffffff&#8221;]<div class=\"grve-element grve-callout grve-btn-right\" style=\"\">  <div class=\"grve-callout-wrapper\"><h2 class=\"grve-callout-content grve-h2\">Need information ?<\/h2>    <p class=\"\">Do not hesitate to contact us on <strong>02 99 13 14 15<\/strong> or via our form<\/p>  <\/div>  <div class=\"grve-button-wrapper\"><a href=\"https:\/\/www.surtelec.com\/en\/contact\/\" title=\"Contact us\" class=\"grve-btn grve-btn-medium grve-shadow-medium grve-square grve-bg-white grve-bg-hover-primary-2\"><span>Contact us !<\/span><\/a>  <\/div><\/div>[\/vc_column][\/vc_row]<\/p>\n","protected":false},"excerpt":{"rendered":"<p>[vc_row bg_type=&#8221;gradient&#8221; bg_gradient_color_1=&#8221;#f4f4f4&#8243; bg_gradient_color_2=&#8221;rgba(255,255,255,0.9)&#8221; bg_gradient_direction=&#8221;180&#8243; padding_top_multiplier=&#8221;3x&#8221;][vc_column][\/vc_column][\/vc_row][vc_row padding_bottom_multiplier=&#8221;3x&#8221;][vc_column][vc_row_inner el_class=&#8221;prod-3col&#8221;][vc_column_inner width=&#8221;1\/3&#8243; css=&#8221;.vc_custom_1658477945839{padding-top: 5% !important;padding-right: 5% !important;padding-bottom: 5% !important;padding-left: 5% !important;background-color: #ffffff !important;border-radius: 10px !important;}&#8221; el_class=&#8221;shad-produits&#8221;][vc_column_text]- Battery-backed modular power supply, enabling power to be supplied to the DTfoudre and any low-power electronic device requiring autonomy in the event of a mains power failure &#8211; Compliant with EMC directives: [&hellip;]<\/p>\n","protected":false},"author":1,"featured_media":495,"parent":0,"menu_order":0,"comment_status":"closed","ping_status":"closed","template":"","meta":{"inline_featured_image":false,"footnotes":""},"class_list":["post-786","page","type-page","status-publish","has-post-thumbnail","hentry"],"yoast_head":"<!-- This site is optimized with the Yoast SEO plugin v26.8 - https:\/\/yoast.com\/product\/yoast-seo-wordpress\/ -->\n<title>SURT\u00c9LEC - Our backup power supply<\/title>\n<meta name=\"description\" content=\"Discover our modular backup power supply unit, which can power any low-power electronic device.\" \/>\n<meta name=\"robots\" content=\"index, follow, max-snippet:-1, max-image-preview:large, max-video-preview:-1\" \/>\n<link rel=\"canonical\" href=\"https:\/\/www.surtelec.com\/en\/backup-power-supply\/\" \/>\n<meta property=\"og:locale\" content=\"en_US\" \/>\n<meta property=\"og:type\" content=\"article\" \/>\n<meta property=\"og:title\" content=\"SURT\u00c9LEC - Our backup power supply\" \/>\n<meta property=\"og:description\" content=\"Discover our modular backup power supply unit, which can power any low-power electronic device.\" \/>\n<meta property=\"og:url\" content=\"https:\/\/www.surtelec.com\/en\/backup-power-supply\/\" \/>\n<meta property=\"og:site_name\" content=\"SURTELEC\" \/>\n<meta property=\"article:publisher\" content=\"https:\/\/www.facebook.com\/Surtlec-586987871403664\/\" \/>\n<meta property=\"article:modified_time\" content=\"2026-01-20T11:22:32+00:00\" \/>\n<meta property=\"og:image\" content=\"https:\/\/www.surtelec.com\/wp-content\/uploads\/2022\/07\/surtelec.jpg\" \/>\n\t<meta property=\"og:image:width\" content=\"640\" \/>\n\t<meta property=\"og:image:height\" content=\"360\" \/>\n\t<meta property=\"og:image:type\" content=\"image\/jpeg\" \/>\n<meta name=\"twitter:card\" content=\"summary_large_image\" \/>\n<meta name=\"twitter:site\" content=\"@Surtelec_\" \/>\n<meta name=\"twitter:label1\" content=\"Est. reading time\" \/>\n\t<meta name=\"twitter:data1\" content=\"7 minutes\" \/>\n<script type=\"application\/ld+json\" class=\"yoast-schema-graph\">{\"@context\":\"https:\/\/schema.org\",\"@graph\":[{\"@type\":\"WebPage\",\"@id\":\"https:\/\/www.surtelec.com\/en\/backup-power-supply\/\",\"url\":\"https:\/\/www.surtelec.com\/en\/backup-power-supply\/\",\"name\":\"SURT\u00c9LEC - Our backup power supply\",\"isPartOf\":{\"@id\":\"https:\/\/www.surtelec.com\/en\/#website\"},\"primaryImageOfPage\":{\"@id\":\"https:\/\/www.surtelec.com\/en\/backup-power-supply\/#primaryimage\"},\"image\":{\"@id\":\"https:\/\/www.surtelec.com\/en\/backup-power-supply\/#primaryimage\"},\"thumbnailUrl\":\"https:\/\/www.surtelec.com\/wp-content\/uploads\/2022\/07\/surtelec.jpg\",\"datePublished\":\"2026-01-20T10:35:05+00:00\",\"dateModified\":\"2026-01-20T11:22:32+00:00\",\"description\":\"Discover our modular backup power supply unit, which can power any low-power electronic device.\",\"breadcrumb\":{\"@id\":\"https:\/\/www.surtelec.com\/en\/backup-power-supply\/#breadcrumb\"},\"inLanguage\":\"en-US\",\"potentialAction\":[{\"@type\":\"ReadAction\",\"target\":[\"https:\/\/www.surtelec.com\/en\/backup-power-supply\/\"]}]},{\"@type\":\"ImageObject\",\"inLanguage\":\"en-US\",\"@id\":\"https:\/\/www.surtelec.com\/en\/backup-power-supply\/#primaryimage\",\"url\":\"https:\/\/www.surtelec.com\/wp-content\/uploads\/2022\/07\/surtelec.jpg\",\"contentUrl\":\"https:\/\/www.surtelec.com\/wp-content\/uploads\/2022\/07\/surtelec.jpg\",\"width\":640,\"height\":360},{\"@type\":\"BreadcrumbList\",\"@id\":\"https:\/\/www.surtelec.com\/en\/backup-power-supply\/#breadcrumb\",\"itemListElement\":[{\"@type\":\"ListItem\",\"position\":1,\"name\":\"Accueil\",\"item\":\"https:\/\/www.surtelec.com\/en\/\"},{\"@type\":\"ListItem\",\"position\":2,\"name\":\"Backup power supply\"}]},{\"@type\":\"WebSite\",\"@id\":\"https:\/\/www.surtelec.com\/en\/#website\",\"url\":\"https:\/\/www.surtelec.com\/en\/\",\"name\":\"SURTELEC\",\"description\":\"Surt\u00e9lec le sp\u00e9cialiste du d\u00e9veloppement, de la fabrication et de la commercialisation de produits d\u00e9di\u00e9s \u00e0 la protection des installations \u00e9lectriques isol\u00e9es\",\"publisher\":{\"@id\":\"https:\/\/www.surtelec.com\/en\/#organization\"},\"potentialAction\":[{\"@type\":\"SearchAction\",\"target\":{\"@type\":\"EntryPoint\",\"urlTemplate\":\"https:\/\/www.surtelec.com\/en\/?s={search_term_string}\"},\"query-input\":{\"@type\":\"PropertyValueSpecification\",\"valueRequired\":true,\"valueName\":\"search_term_string\"}}],\"inLanguage\":\"en-US\"},{\"@type\":\"Organization\",\"@id\":\"https:\/\/www.surtelec.com\/en\/#organization\",\"name\":\"SURTELEC\",\"url\":\"https:\/\/www.surtelec.com\/en\/\",\"logo\":{\"@type\":\"ImageObject\",\"inLanguage\":\"en-US\",\"@id\":\"https:\/\/www.surtelec.com\/en\/#\/schema\/logo\/image\/\",\"url\":\"https:\/\/www.surtelec.com\/wp-content\/uploads\/2022\/07\/logo-surtelec-250x64-1.png\",\"contentUrl\":\"https:\/\/www.surtelec.com\/wp-content\/uploads\/2022\/07\/logo-surtelec-250x64-1.png\",\"width\":250,\"height\":64,\"caption\":\"SURTELEC\"},\"image\":{\"@id\":\"https:\/\/www.surtelec.com\/en\/#\/schema\/logo\/image\/\"},\"sameAs\":[\"https:\/\/www.facebook.com\/Surtlec-586987871403664\/\",\"https:\/\/x.com\/Surtelec_\",\"https:\/\/www.linkedin.com\/company\/surtelec\/\"]}]}<\/script>\n<!-- \/ Yoast SEO plugin. -->","yoast_head_json":{"title":"SURT\u00c9LEC - Our backup power supply","description":"Discover our modular backup power supply unit, which can power any low-power electronic device.","robots":{"index":"index","follow":"follow","max-snippet":"max-snippet:-1","max-image-preview":"max-image-preview:large","max-video-preview":"max-video-preview:-1"},"canonical":"https:\/\/www.surtelec.com\/en\/backup-power-supply\/","og_locale":"en_US","og_type":"article","og_title":"SURT\u00c9LEC - Our backup power supply","og_description":"Discover our modular backup power supply unit, which can power any low-power electronic device.","og_url":"https:\/\/www.surtelec.com\/en\/backup-power-supply\/","og_site_name":"SURTELEC","article_publisher":"https:\/\/www.facebook.com\/Surtlec-586987871403664\/","article_modified_time":"2026-01-20T11:22:32+00:00","og_image":[{"width":640,"height":360,"url":"https:\/\/www.surtelec.com\/wp-content\/uploads\/2022\/07\/surtelec.jpg","type":"image\/jpeg"}],"twitter_card":"summary_large_image","twitter_site":"@Surtelec_","twitter_misc":{"Est. reading time":"7 minutes"},"schema":{"@context":"https:\/\/schema.org","@graph":[{"@type":"WebPage","@id":"https:\/\/www.surtelec.com\/en\/backup-power-supply\/","url":"https:\/\/www.surtelec.com\/en\/backup-power-supply\/","name":"SURT\u00c9LEC - Our backup power supply","isPartOf":{"@id":"https:\/\/www.surtelec.com\/en\/#website"},"primaryImageOfPage":{"@id":"https:\/\/www.surtelec.com\/en\/backup-power-supply\/#primaryimage"},"image":{"@id":"https:\/\/www.surtelec.com\/en\/backup-power-supply\/#primaryimage"},"thumbnailUrl":"https:\/\/www.surtelec.com\/wp-content\/uploads\/2022\/07\/surtelec.jpg","datePublished":"2026-01-20T10:35:05+00:00","dateModified":"2026-01-20T11:22:32+00:00","description":"Discover our modular backup power supply unit, which can power any low-power electronic device.","breadcrumb":{"@id":"https:\/\/www.surtelec.com\/en\/backup-power-supply\/#breadcrumb"},"inLanguage":"en-US","potentialAction":[{"@type":"ReadAction","target":["https:\/\/www.surtelec.com\/en\/backup-power-supply\/"]}]},{"@type":"ImageObject","inLanguage":"en-US","@id":"https:\/\/www.surtelec.com\/en\/backup-power-supply\/#primaryimage","url":"https:\/\/www.surtelec.com\/wp-content\/uploads\/2022\/07\/surtelec.jpg","contentUrl":"https:\/\/www.surtelec.com\/wp-content\/uploads\/2022\/07\/surtelec.jpg","width":640,"height":360},{"@type":"BreadcrumbList","@id":"https:\/\/www.surtelec.com\/en\/backup-power-supply\/#breadcrumb","itemListElement":[{"@type":"ListItem","position":1,"name":"Accueil","item":"https:\/\/www.surtelec.com\/en\/"},{"@type":"ListItem","position":2,"name":"Backup power supply"}]},{"@type":"WebSite","@id":"https:\/\/www.surtelec.com\/en\/#website","url":"https:\/\/www.surtelec.com\/en\/","name":"SURTELEC","description":"Surt\u00e9lec le sp\u00e9cialiste du d\u00e9veloppement, de la fabrication et de la commercialisation de produits d\u00e9di\u00e9s \u00e0 la protection des installations \u00e9lectriques isol\u00e9es","publisher":{"@id":"https:\/\/www.surtelec.com\/en\/#organization"},"potentialAction":[{"@type":"SearchAction","target":{"@type":"EntryPoint","urlTemplate":"https:\/\/www.surtelec.com\/en\/?s={search_term_string}"},"query-input":{"@type":"PropertyValueSpecification","valueRequired":true,"valueName":"search_term_string"}}],"inLanguage":"en-US"},{"@type":"Organization","@id":"https:\/\/www.surtelec.com\/en\/#organization","name":"SURTELEC","url":"https:\/\/www.surtelec.com\/en\/","logo":{"@type":"ImageObject","inLanguage":"en-US","@id":"https:\/\/www.surtelec.com\/en\/#\/schema\/logo\/image\/","url":"https:\/\/www.surtelec.com\/wp-content\/uploads\/2022\/07\/logo-surtelec-250x64-1.png","contentUrl":"https:\/\/www.surtelec.com\/wp-content\/uploads\/2022\/07\/logo-surtelec-250x64-1.png","width":250,"height":64,"caption":"SURTELEC"},"image":{"@id":"https:\/\/www.surtelec.com\/en\/#\/schema\/logo\/image\/"},"sameAs":["https:\/\/www.facebook.com\/Surtlec-586987871403664\/","https:\/\/x.com\/Surtelec_","https:\/\/www.linkedin.com\/company\/surtelec\/"]}]}},"_links":{"self":[{"href":"https:\/\/www.surtelec.com\/en\/wp-json\/wp\/v2\/pages\/786","targetHints":{"allow":["GET"]}}],"collection":[{"href":"https:\/\/www.surtelec.com\/en\/wp-json\/wp\/v2\/pages"}],"about":[{"href":"https:\/\/www.surtelec.com\/en\/wp-json\/wp\/v2\/types\/page"}],"author":[{"embeddable":true,"href":"https:\/\/www.surtelec.com\/en\/wp-json\/wp\/v2\/users\/1"}],"replies":[{"embeddable":true,"href":"https:\/\/www.surtelec.com\/en\/wp-json\/wp\/v2\/comments?post=786"}],"version-history":[{"count":10,"href":"https:\/\/www.surtelec.com\/en\/wp-json\/wp\/v2\/pages\/786\/revisions"}],"predecessor-version":[{"id":818,"href":"https:\/\/www.surtelec.com\/en\/wp-json\/wp\/v2\/pages\/786\/revisions\/818"}],"wp:featuredmedia":[{"embeddable":true,"href":"https:\/\/www.surtelec.com\/en\/wp-json\/wp\/v2\/media\/495"}],"wp:attachment":[{"href":"https:\/\/www.surtelec.com\/en\/wp-json\/wp\/v2\/media?parent=786"}],"curies":[{"name":"wp","href":"https:\/\/api.w.org\/{rel}","templated":true}]}}