{"id":587,"date":"2022-08-02T17:55:17","date_gmt":"2022-08-02T15:55:17","guid":{"rendered":"https:\/\/www.surtelec.com\/parafoudres-surtelec\/"},"modified":"2022-09-21T11:21:33","modified_gmt":"2022-09-21T09:21:33","slug":"surge-arrestors","status":"publish","type":"page","link":"https:\/\/www.surtelec.com\/en\/surge-arrestors\/","title":{"rendered":"Surge arrestors"},"content":{"rendered":"<p>[vc_row bg_type=&#8221;gradient&#8221; bg_gradient_color_1=&#8221;#f4f4f4&#8243; bg_gradient_color_2=&#8221;rgba(255,255,255,0.9)&#8221; bg_gradient_direction=&#8221;180&#8243; padding_top_multiplier=&#8221;3x&#8221;][vc_column]<h2 class=\"grve-element grve-title grve-align-left grve-h2\" style=\"margin-bottom: 0px;\"><span>SURGE ARRESTORS <strong>ALTERNATIVE CURRENT<\/strong><\/span><\/h2>[\/vc_column][\/vc_row][vc_row padding_bottom_multiplier=&#8221;3x&#8221;][vc_column][vc_row_inner el_class=&#8221;prod-4col&#8221;][vc_column_inner width=&#8221;1\/4&#8243; css=&#8221;.vc_custom_1663752015498{padding-top: 7% !important;padding-right: 7% !important;padding-bottom: 7% !important;padding-left: 7% !important;background-color: #ffffff !important;border-radius: 10px !important;}&#8221; el_class=&#8221;shad-produits-725&#8243;]<div class=\"grve-element grve-image grve-align-center grve-full-image grve-image-space-100\" style=\"\">  <div class=\"grve-image-wrapper\"><img loading=\"lazy\" decoding=\"async\" width=\"720\" height=\"720\" src=\"https:\/\/www.surtelec.com\/wp-content\/uploads\/2022\/07\/t1-25m-720x720-1.jpg\" class=\"attachment-full size-full\" alt=\"Vente T1-25M - Parafoudre type 1 et 2 KA\" srcset=\"https:\/\/www.surtelec.com\/wp-content\/uploads\/2022\/07\/t1-25m-720x720-1.jpg 720w, https:\/\/www.surtelec.com\/wp-content\/uploads\/2022\/07\/t1-25m-720x720-1-300x300.jpg 300w, https:\/\/www.surtelec.com\/wp-content\/uploads\/2022\/07\/t1-25m-720x720-1-150x150.jpg 150w, https:\/\/www.surtelec.com\/wp-content\/uploads\/2022\/07\/t1-25m-720x720-1-560x560.jpg 560w\" sizes=\"auto, (max-width: 720px) 100vw, 720px\" \/>   <\/div><\/div><h3 class=\"grve-element grve-title grve-align-left grve-h3\" style=\"\"><span><strong>T1-25M<\/strong><br \/>\nSurge protective device type 1 et 2 25 KA<\/span><\/h3>[vc_column_text]The T1-25 M is a surge protective device available in 1 up to 4 poles version, with very high protection level against surges at direct lightning stroke (in presence of lightning conductor)and against indirect surges on the electrical networks.[\/vc_column_text]<div class=\"grve-element grve-align-left btn-fiche-produit\"><a href=\"https:\/\/www.surtelec.com\/wp-content\/uploads\/2022\/08\/Fiche-produit-T1_25M.pdf\" target=\"_blank\" rel=\"noopener noreferrer\" class=\"grve-btn grve-btn-small grve-square grve-bg-primary-1 grve-bg-hover-primary-2\"><span><i class=\"fas fa-file-alt\"><\/i>Technical sheet<\/span><\/a><\/div>[\/vc_column_inner][vc_column_inner width=&#8221;1\/4&#8243; css=&#8221;.vc_custom_1663752019792{padding-top: 7% !important;padding-right: 7% !important;padding-bottom: 7% !important;padding-left: 7% !important;border-radius: 10px !important;}&#8221; el_class=&#8221;shad-produits-725&#8243;]<div class=\"grve-element grve-image grve-align-center grve-full-image grve-image-space-100\" style=\"\">  <div class=\"grve-image-wrapper\"><img loading=\"lazy\" decoding=\"async\" width=\"720\" height=\"720\" src=\"https:\/\/www.surtelec.com\/wp-content\/uploads\/2022\/07\/t1-12-720x720-1.jpg\" class=\"attachment-full size-full\" alt=\"Vente T1-12,5 - Parafoudre type 1 et 2 12,5 KA\" srcset=\"https:\/\/www.surtelec.com\/wp-content\/uploads\/2022\/07\/t1-12-720x720-1.jpg 720w, https:\/\/www.surtelec.com\/wp-content\/uploads\/2022\/07\/t1-12-720x720-1-300x300.jpg 300w, https:\/\/www.surtelec.com\/wp-content\/uploads\/2022\/07\/t1-12-720x720-1-150x150.jpg 150w, https:\/\/www.surtelec.com\/wp-content\/uploads\/2022\/07\/t1-12-720x720-1-560x560.jpg 560w\" sizes=\"auto, (max-width: 720px) 100vw, 720px\" \/>   <\/div><\/div><h3 class=\"grve-element grve-title grve-align-left grve-h3\" style=\"\"><span><strong>T1-12,5<\/strong><br \/>\nSurge protective device type 1 et 2 12,5 KA<\/span><\/h3>[vc_column_text]The T1-12,5M is a surge protective device available in 1 up to 4 poles version , with very high protection level against surges at direct lightning stroke (in presence of lightning conductor) and against indirect surges on the electrical networks.[\/vc_column_text]<div class=\"grve-element grve-align-left btn-fiche-produit\"><a href=\"https:\/\/www.surtelec.com\/wp-content\/uploads\/2022\/08\/Fiche-produit-T1_125M.pdf\" target=\"_blank\" rel=\"noopener noreferrer\" class=\"grve-btn grve-btn-small grve-square grve-bg-primary-1 grve-bg-hover-primary-2\"><span><i class=\"fas fa-file-alt\"><\/i>Technical sheet<\/span><\/a><\/div>[\/vc_column_inner][vc_column_inner width=&#8221;1\/4&#8243; css=&#8221;.vc_custom_1663752026444{padding-top: 7% !important;padding-right: 7% !important;padding-bottom: 7% !important;padding-left: 7% !important;border-radius: 10px !important;}&#8221; el_class=&#8221;shad-produits-725&#8243;]<div class=\"grve-element grve-image grve-align-center grve-full-image grve-image-space-100\" style=\"\">  <div class=\"grve-image-wrapper\"><img loading=\"lazy\" decoding=\"async\" width=\"720\" height=\"720\" src=\"https:\/\/www.surtelec.com\/wp-content\/uploads\/2022\/07\/t2-40d-720x720-1.jpg\" class=\"attachment-full size-full\" alt=\"Vente T2-40D - Parafoudre type 2\" srcset=\"https:\/\/www.surtelec.com\/wp-content\/uploads\/2022\/07\/t2-40d-720x720-1.jpg 720w, https:\/\/www.surtelec.com\/wp-content\/uploads\/2022\/07\/t2-40d-720x720-1-300x300.jpg 300w, https:\/\/www.surtelec.com\/wp-content\/uploads\/2022\/07\/t2-40d-720x720-1-150x150.jpg 150w, https:\/\/www.surtelec.com\/wp-content\/uploads\/2022\/07\/t2-40d-720x720-1-560x560.jpg 560w\" sizes=\"auto, (max-width: 720px) 100vw, 720px\" \/>   <\/div><\/div><h3 class=\"grve-element grve-title grve-align-left grve-h3\" style=\"\"><span><strong>T2-40D<\/strong><br \/>\nSurge arrestors type 2<\/span><\/h3>[vc_column_text]Modular surge protective device T2-40D for primary protection of low voltage installation on the main networks. Ensure an efficient protection in highly exposed area.Available in bipolar and tetrapolar version with pluggable module for single or three phase networks.[\/vc_column_text]<div class=\"grve-element grve-align-left btn-fiche-produit\"><a href=\"https:\/\/www.surtelec.com\/wp-content\/uploads\/2022\/08\/Fiche-produit-T2-40D.pdf\" target=\"_blank\" rel=\"noopener noreferrer\" class=\"grve-btn grve-btn-small grve-square grve-bg-primary-1 grve-bg-hover-primary-2\"><span><i class=\"fas fa-file-alt\"><\/i>Technical sheet<\/span><\/a><\/div>[\/vc_column_inner][vc_column_inner width=&#8221;1\/4&#8243; css=&#8221;.vc_custom_1663752030664{padding-top: 7% !important;padding-right: 7% !important;padding-bottom: 7% !important;padding-left: 7% !important;border-radius: 10px !important;}&#8221; el_class=&#8221;shad-produits-725&#8243;]<div class=\"grve-element grve-image grve-align-center grve-full-image grve-image-space-100\" style=\"\">  <div class=\"grve-image-wrapper\"><img loading=\"lazy\" decoding=\"async\" width=\"720\" height=\"720\" src=\"https:\/\/www.surtelec.com\/wp-content\/uploads\/2022\/07\/t2-300db-720x720-1.jpg\" class=\"attachment-full size-full\" alt=\"Vente T2-30DB - Parafoudre type 2 compact\" srcset=\"https:\/\/www.surtelec.com\/wp-content\/uploads\/2022\/07\/t2-300db-720x720-1.jpg 720w, https:\/\/www.surtelec.com\/wp-content\/uploads\/2022\/07\/t2-300db-720x720-1-300x300.jpg 300w, https:\/\/www.surtelec.com\/wp-content\/uploads\/2022\/07\/t2-300db-720x720-1-150x150.jpg 150w, https:\/\/www.surtelec.com\/wp-content\/uploads\/2022\/07\/t2-300db-720x720-1-560x560.jpg 560w\" sizes=\"auto, (max-width: 720px) 100vw, 720px\" \/>   <\/div><\/div><h3 class=\"grve-element grve-title grve-align-left grve-h3\" style=\"\"><span><strong>T2-30DB<\/strong><br \/>\nSurge arrestors type 2 compact<\/span><\/h3>[vc_column_text]Compact modular surge protective device T2-30DB\/335 for primary protection of low voltage installation on the main networks. Ensure an efficient protection in highly exposed area.[\/vc_column_text]<div class=\"grve-element grve-align-left btn-fiche-produit\"><a href=\"https:\/\/www.surtelec.com\/wp-content\/uploads\/2022\/08\/Fiche-prodiuit-T2-30DB.pdf\" target=\"_blank\" rel=\"noopener noreferrer\" class=\"grve-btn grve-btn-small grve-square grve-bg-primary-1 grve-bg-hover-primary-2\"><span><i class=\"fas fa-file-alt\"><\/i>Technical sheet<\/span><\/a><\/div>[\/vc_column_inner][\/vc_row_inner][\/vc_column][\/vc_row][vc_row bg_type=&#8221;gradient&#8221; bg_gradient_color_1=&#8221;#f4f4f4&#8243; bg_gradient_color_2=&#8221;rgba(255,255,255,0.9)&#8221; bg_gradient_direction=&#8221;180&#8243; padding_top_multiplier=&#8221;3x&#8221;][vc_column][vc_row_inner][vc_column_inner]<h2 class=\"grve-element grve-title grve-align-left grve-h2\" style=\"margin-bottom: 0px;\"><span>SURGE ARRESTORS <strong>DIRECT CURRENT<\/strong><\/span><\/h2>[\/vc_column_inner][\/vc_row_inner][\/vc_column][\/vc_row][vc_row padding_bottom_multiplier=&#8221;3x&#8221;][vc_column][vc_row_inner el_class=&#8221;prod-4col&#8221;][vc_column_inner width=&#8221;1\/4&#8243; css=&#8221;.vc_custom_1659504801991{padding-top: 7% !important;padding-right: 7% !important;padding-bottom: 7% !important;padding-left: 7% !important;background-color: #ffffff !important;border-radius: 10px !important;}&#8221; el_class=&#8221;shad-produits&#8221;]<div class=\"grve-element grve-image grve-align-center grve-full-image grve-image-space-100\" style=\"\">  <div class=\"grve-image-wrapper\"><img loading=\"lazy\" decoding=\"async\" width=\"720\" height=\"720\" src=\"https:\/\/www.surtelec.com\/wp-content\/uploads\/2022\/07\/t2-40dc-720x720-1.jpg\" class=\"attachment-full size-full\" alt=\"Vente T2-40DC - Parafoudre photovoltaique\" srcset=\"https:\/\/www.surtelec.com\/wp-content\/uploads\/2022\/07\/t2-40dc-720x720-1.jpg 720w, https:\/\/www.surtelec.com\/wp-content\/uploads\/2022\/07\/t2-40dc-720x720-1-300x300.jpg 300w, https:\/\/www.surtelec.com\/wp-content\/uploads\/2022\/07\/t2-40dc-720x720-1-150x150.jpg 150w, https:\/\/www.surtelec.com\/wp-content\/uploads\/2022\/07\/t2-40dc-720x720-1-560x560.jpg 560w\" sizes=\"auto, (max-width: 720px) 100vw, 720px\" \/>   <\/div><\/div><h3 class=\"grve-element grve-title grve-align-left grve-h3\" style=\"\"><span><strong>T2-40DC<\/strong><br \/>\nPhotovolta\u00efc surge protective device<\/span><\/h3>[vc_column_text]Modular surge protective device T2 -40DC for protection for the direct current of photovolta\u00efcs installations (behind the solar panel ).[\/vc_column_text]<div class=\"grve-element grve-align-left btn-fiche-produit\"><a href=\"https:\/\/www.surtelec.com\/wp-content\/uploads\/2022\/08\/Fiche-produit-T2-40DC.pdf\" target=\"_blank\" rel=\"noopener noreferrer\" class=\"grve-btn grve-btn-small grve-square grve-bg-primary-1 grve-bg-hover-primary-2\"><span><i class=\"fas fa-file-alt\"><\/i>Technical sheet<\/span><\/a><\/div>[\/vc_column_inner][vc_column_inner width=&#8221;1\/4&#8243; css=&#8221;.vc_custom_1659504809640{padding-top: 7% !important;padding-right: 7% !important;padding-bottom: 7% !important;padding-left: 7% !important;border-radius: 10px !important;}&#8221; el_class=&#8221;shad-produits&#8221;]<div class=\"grve-element grve-image grve-align-center grve-full-image grve-image-space-100\" style=\"\">  <div class=\"grve-image-wrapper\"><img loading=\"lazy\" decoding=\"async\" width=\"720\" height=\"720\" src=\"https:\/\/www.surtelec.com\/wp-content\/uploads\/2022\/07\/els-48-mpc-720x720-1.jpg\" class=\"attachment-full size-full\" alt=\"Vente ELS-48-MPC - Parafoudre 48 VCC\" srcset=\"https:\/\/www.surtelec.com\/wp-content\/uploads\/2022\/07\/els-48-mpc-720x720-1.jpg 720w, https:\/\/www.surtelec.com\/wp-content\/uploads\/2022\/07\/els-48-mpc-720x720-1-300x300.jpg 300w, https:\/\/www.surtelec.com\/wp-content\/uploads\/2022\/07\/els-48-mpc-720x720-1-150x150.jpg 150w, https:\/\/www.surtelec.com\/wp-content\/uploads\/2022\/07\/els-48-mpc-720x720-1-560x560.jpg 560w\" sizes=\"auto, (max-width: 720px) 100vw, 720px\" \/>   <\/div><\/div><h3 class=\"grve-element grve-title grve-align-left grve-h3\" style=\"\"><span><strong>ELS-48-MPC<\/strong><br \/>\nSurge protective device 48 VCC<\/span><\/h3>[vc_column_text]Surge protective device against over voltage on 48 Vdc Power supply:Sensors, transmitters, controllers, acquisition devices.[\/vc_column_text]<div class=\"grve-element grve-align-left btn-fiche-produit\"><a href=\"https:\/\/www.surtelec.com\/wp-content\/uploads\/2022\/08\/Fiche-produit-ELS48MPC.pdf\" target=\"_blank\" rel=\"noopener noreferrer\" class=\"grve-btn grve-btn-small grve-square grve-bg-primary-1 grve-bg-hover-primary-2\"><span><i class=\"fas fa-file-alt\"><\/i>Technical sheet<\/span><\/a><\/div>[\/vc_column_inner][vc_column_inner width=&#8221;1\/4&#8243;][\/vc_column_inner][vc_column_inner width=&#8221;1\/4&#8243;][\/vc_column_inner][\/vc_row_inner][\/vc_column][\/vc_row][vc_row bg_type=&#8221;gradient&#8221; bg_gradient_color_1=&#8221;#f4f4f4&#8243; bg_gradient_color_2=&#8221;rgba(255,255,255,0.9)&#8221; bg_gradient_direction=&#8221;135&#8243; padding_top_multiplier=&#8221;3x&#8221; padding_bottom_multiplier=&#8221;3x&#8221;][vc_column heading_color=&#8221;light&#8221; shadow=&#8221;medium&#8221; clipping_animation=&#8221;colored-clipping-left&#8221; clipping_animation_colors=&#8221;primary-2&#8243; css=&#8221;.vc_custom_1658250593504{padding-top: 5% !important;padding-right: 10% !important;padding-bottom: 5% !important;padding-left: 10% !important;background-image: url(https:\/\/www.surtelec.com\/wp-content\/uploads\/2022\/07\/background-bleu-degrade.jpg?id=300) !important;background-position: center !important;background-repeat: no-repeat !important;background-size: cover !important;border-radius: 10px !important;}&#8221; font_color=&#8221;#ffffff&#8221;]<div class=\"grve-element grve-callout grve-btn-right\" style=\"\">  <div class=\"grve-callout-wrapper\"><h2 class=\"grve-callout-content grve-h2\">Need information ?<\/h2>    <p class=\"\">Do not hesitate to contact us on <strong>02 99 13 14 15<\/strong> or via our form<\/p>  <\/div>  <div class=\"grve-button-wrapper\"><a href=\"https:\/\/www.surtelec.com\/en\/contact\/\" title=\"Contact us\" class=\"grve-btn grve-btn-medium grve-shadow-medium grve-square grve-bg-white grve-bg-hover-primary-2\"><span>Contact us !<\/span><\/a>  <\/div><\/div>[\/vc_column][\/vc_row]<\/p>\n","protected":false},"excerpt":{"rendered":"<p>[vc_row bg_type=&#8221;gradient&#8221; bg_gradient_color_1=&#8221;#f4f4f4&#8243; bg_gradient_color_2=&#8221;rgba(255,255,255,0.9)&#8221; bg_gradient_direction=&#8221;180&#8243; padding_top_multiplier=&#8221;3x&#8221;][vc_column][\/vc_column][\/vc_row][vc_row padding_bottom_multiplier=&#8221;3x&#8221;][vc_column][vc_row_inner el_class=&#8221;prod-4col&#8221;][vc_column_inner width=&#8221;1\/4&#8243; css=&#8221;.vc_custom_1663752015498{padding-top: 7% !important;padding-right: 7% !important;padding-bottom: 7% !important;padding-left: 7% !important;background-color: #ffffff !important;border-radius: 10px !important;}&#8221; el_class=&#8221;shad-produits-725&#8243;][vc_column_text]The T1-25 M is a surge protective device available in 1 up to 4 poles version, with very high protection level against surges at direct lightning stroke (in presence of lightning conductor)and against [&hellip;]<\/p>\n","protected":false},"author":1,"featured_media":495,"parent":0,"menu_order":0,"comment_status":"closed","ping_status":"closed","template":"","meta":{"inline_featured_image":false,"footnotes":""},"class_list":["post-587","page","type-page","status-publish","has-post-thumbnail","hentry"],"yoast_head":"<!-- This site is optimized with the Yoast SEO plugin v26.8 - https:\/\/yoast.com\/product\/yoast-seo-wordpress\/ -->\n<title>SURTELEC - Our surge arrestor ranges<\/title>\n<meta name=\"description\" content=\"Discover our different alternating current surge arresters and direct current surge arresters for the protection of isolated electrical installations\" \/>\n<meta name=\"robots\" content=\"index, follow, max-snippet:-1, max-image-preview:large, max-video-preview:-1\" \/>\n<link rel=\"canonical\" href=\"https:\/\/www.surtelec.com\/en\/surge-arrestors\/\" \/>\n<meta property=\"og:locale\" content=\"en_US\" \/>\n<meta property=\"og:type\" content=\"article\" \/>\n<meta property=\"og:title\" content=\"SURTELEC - Our surge arrestor ranges\" \/>\n<meta property=\"og:description\" content=\"Discover our different alternating current surge arresters and direct current surge arresters for the protection of isolated electrical installations\" \/>\n<meta property=\"og:url\" content=\"https:\/\/www.surtelec.com\/en\/surge-arrestors\/\" \/>\n<meta property=\"og:site_name\" content=\"SURTELEC\" \/>\n<meta property=\"article:publisher\" content=\"https:\/\/www.facebook.com\/Surtlec-586987871403664\/\" \/>\n<meta property=\"article:modified_time\" content=\"2022-09-21T09:21:33+00:00\" \/>\n<meta property=\"og:image\" content=\"https:\/\/www.surtelec.com\/wp-content\/uploads\/2022\/07\/surtelec.jpg\" \/>\n\t<meta property=\"og:image:width\" content=\"640\" \/>\n\t<meta property=\"og:image:height\" content=\"360\" \/>\n\t<meta property=\"og:image:type\" content=\"image\/jpeg\" \/>\n<meta name=\"twitter:card\" content=\"summary_large_image\" \/>\n<meta name=\"twitter:site\" content=\"@Surtelec_\" \/>\n<meta name=\"twitter:label1\" content=\"Est. reading time\" \/>\n\t<meta name=\"twitter:data1\" content=\"7 minutes\" \/>\n<script type=\"application\/ld+json\" class=\"yoast-schema-graph\">{\"@context\":\"https:\/\/schema.org\",\"@graph\":[{\"@type\":\"WebPage\",\"@id\":\"https:\/\/www.surtelec.com\/en\/surge-arrestors\/\",\"url\":\"https:\/\/www.surtelec.com\/en\/surge-arrestors\/\",\"name\":\"SURTELEC - Our surge arrestor ranges\",\"isPartOf\":{\"@id\":\"https:\/\/www.surtelec.com\/en\/#website\"},\"primaryImageOfPage\":{\"@id\":\"https:\/\/www.surtelec.com\/en\/surge-arrestors\/#primaryimage\"},\"image\":{\"@id\":\"https:\/\/www.surtelec.com\/en\/surge-arrestors\/#primaryimage\"},\"thumbnailUrl\":\"https:\/\/www.surtelec.com\/wp-content\/uploads\/2022\/07\/surtelec.jpg\",\"datePublished\":\"2022-08-02T15:55:17+00:00\",\"dateModified\":\"2022-09-21T09:21:33+00:00\",\"description\":\"Discover our different alternating current surge arresters and direct current surge arresters for the protection of isolated electrical installations\",\"breadcrumb\":{\"@id\":\"https:\/\/www.surtelec.com\/en\/surge-arrestors\/#breadcrumb\"},\"inLanguage\":\"en-US\",\"potentialAction\":[{\"@type\":\"ReadAction\",\"target\":[\"https:\/\/www.surtelec.com\/en\/surge-arrestors\/\"]}]},{\"@type\":\"ImageObject\",\"inLanguage\":\"en-US\",\"@id\":\"https:\/\/www.surtelec.com\/en\/surge-arrestors\/#primaryimage\",\"url\":\"https:\/\/www.surtelec.com\/wp-content\/uploads\/2022\/07\/surtelec.jpg\",\"contentUrl\":\"https:\/\/www.surtelec.com\/wp-content\/uploads\/2022\/07\/surtelec.jpg\",\"width\":640,\"height\":360},{\"@type\":\"BreadcrumbList\",\"@id\":\"https:\/\/www.surtelec.com\/en\/surge-arrestors\/#breadcrumb\",\"itemListElement\":[{\"@type\":\"ListItem\",\"position\":1,\"name\":\"Accueil\",\"item\":\"https:\/\/www.surtelec.com\/en\/\"},{\"@type\":\"ListItem\",\"position\":2,\"name\":\"Surge arrestors\"}]},{\"@type\":\"WebSite\",\"@id\":\"https:\/\/www.surtelec.com\/en\/#website\",\"url\":\"https:\/\/www.surtelec.com\/en\/\",\"name\":\"SURTELEC\",\"description\":\"Surt\u00e9lec le sp\u00e9cialiste du d\u00e9veloppement, de la fabrication et de la commercialisation de produits d\u00e9di\u00e9s \u00e0 la protection des installations \u00e9lectriques isol\u00e9es\",\"publisher\":{\"@id\":\"https:\/\/www.surtelec.com\/en\/#organization\"},\"potentialAction\":[{\"@type\":\"SearchAction\",\"target\":{\"@type\":\"EntryPoint\",\"urlTemplate\":\"https:\/\/www.surtelec.com\/en\/?s={search_term_string}\"},\"query-input\":{\"@type\":\"PropertyValueSpecification\",\"valueRequired\":true,\"valueName\":\"search_term_string\"}}],\"inLanguage\":\"en-US\"},{\"@type\":\"Organization\",\"@id\":\"https:\/\/www.surtelec.com\/en\/#organization\",\"name\":\"SURTELEC\",\"url\":\"https:\/\/www.surtelec.com\/en\/\",\"logo\":{\"@type\":\"ImageObject\",\"inLanguage\":\"en-US\",\"@id\":\"https:\/\/www.surtelec.com\/en\/#\/schema\/logo\/image\/\",\"url\":\"https:\/\/www.surtelec.com\/wp-content\/uploads\/2022\/07\/logo-surtelec-250x64-1.png\",\"contentUrl\":\"https:\/\/www.surtelec.com\/wp-content\/uploads\/2022\/07\/logo-surtelec-250x64-1.png\",\"width\":250,\"height\":64,\"caption\":\"SURTELEC\"},\"image\":{\"@id\":\"https:\/\/www.surtelec.com\/en\/#\/schema\/logo\/image\/\"},\"sameAs\":[\"https:\/\/www.facebook.com\/Surtlec-586987871403664\/\",\"https:\/\/x.com\/Surtelec_\",\"https:\/\/www.linkedin.com\/company\/surtelec\/\"]}]}<\/script>\n<!-- \/ Yoast SEO plugin. -->","yoast_head_json":{"title":"SURTELEC - Our surge arrestor ranges","description":"Discover our different alternating current surge arresters and direct current surge arresters for the protection of isolated electrical installations","robots":{"index":"index","follow":"follow","max-snippet":"max-snippet:-1","max-image-preview":"max-image-preview:large","max-video-preview":"max-video-preview:-1"},"canonical":"https:\/\/www.surtelec.com\/en\/surge-arrestors\/","og_locale":"en_US","og_type":"article","og_title":"SURTELEC - Our surge arrestor ranges","og_description":"Discover our different alternating current surge arresters and direct current surge arresters for the protection of isolated electrical installations","og_url":"https:\/\/www.surtelec.com\/en\/surge-arrestors\/","og_site_name":"SURTELEC","article_publisher":"https:\/\/www.facebook.com\/Surtlec-586987871403664\/","article_modified_time":"2022-09-21T09:21:33+00:00","og_image":[{"width":640,"height":360,"url":"https:\/\/www.surtelec.com\/wp-content\/uploads\/2022\/07\/surtelec.jpg","type":"image\/jpeg"}],"twitter_card":"summary_large_image","twitter_site":"@Surtelec_","twitter_misc":{"Est. reading time":"7 minutes"},"schema":{"@context":"https:\/\/schema.org","@graph":[{"@type":"WebPage","@id":"https:\/\/www.surtelec.com\/en\/surge-arrestors\/","url":"https:\/\/www.surtelec.com\/en\/surge-arrestors\/","name":"SURTELEC - Our surge arrestor ranges","isPartOf":{"@id":"https:\/\/www.surtelec.com\/en\/#website"},"primaryImageOfPage":{"@id":"https:\/\/www.surtelec.com\/en\/surge-arrestors\/#primaryimage"},"image":{"@id":"https:\/\/www.surtelec.com\/en\/surge-arrestors\/#primaryimage"},"thumbnailUrl":"https:\/\/www.surtelec.com\/wp-content\/uploads\/2022\/07\/surtelec.jpg","datePublished":"2022-08-02T15:55:17+00:00","dateModified":"2022-09-21T09:21:33+00:00","description":"Discover our different alternating current surge arresters and direct current surge arresters for the protection of isolated electrical installations","breadcrumb":{"@id":"https:\/\/www.surtelec.com\/en\/surge-arrestors\/#breadcrumb"},"inLanguage":"en-US","potentialAction":[{"@type":"ReadAction","target":["https:\/\/www.surtelec.com\/en\/surge-arrestors\/"]}]},{"@type":"ImageObject","inLanguage":"en-US","@id":"https:\/\/www.surtelec.com\/en\/surge-arrestors\/#primaryimage","url":"https:\/\/www.surtelec.com\/wp-content\/uploads\/2022\/07\/surtelec.jpg","contentUrl":"https:\/\/www.surtelec.com\/wp-content\/uploads\/2022\/07\/surtelec.jpg","width":640,"height":360},{"@type":"BreadcrumbList","@id":"https:\/\/www.surtelec.com\/en\/surge-arrestors\/#breadcrumb","itemListElement":[{"@type":"ListItem","position":1,"name":"Accueil","item":"https:\/\/www.surtelec.com\/en\/"},{"@type":"ListItem","position":2,"name":"Surge arrestors"}]},{"@type":"WebSite","@id":"https:\/\/www.surtelec.com\/en\/#website","url":"https:\/\/www.surtelec.com\/en\/","name":"SURTELEC","description":"Surt\u00e9lec le sp\u00e9cialiste du d\u00e9veloppement, de la fabrication et de la commercialisation de produits d\u00e9di\u00e9s \u00e0 la protection des installations \u00e9lectriques isol\u00e9es","publisher":{"@id":"https:\/\/www.surtelec.com\/en\/#organization"},"potentialAction":[{"@type":"SearchAction","target":{"@type":"EntryPoint","urlTemplate":"https:\/\/www.surtelec.com\/en\/?s={search_term_string}"},"query-input":{"@type":"PropertyValueSpecification","valueRequired":true,"valueName":"search_term_string"}}],"inLanguage":"en-US"},{"@type":"Organization","@id":"https:\/\/www.surtelec.com\/en\/#organization","name":"SURTELEC","url":"https:\/\/www.surtelec.com\/en\/","logo":{"@type":"ImageObject","inLanguage":"en-US","@id":"https:\/\/www.surtelec.com\/en\/#\/schema\/logo\/image\/","url":"https:\/\/www.surtelec.com\/wp-content\/uploads\/2022\/07\/logo-surtelec-250x64-1.png","contentUrl":"https:\/\/www.surtelec.com\/wp-content\/uploads\/2022\/07\/logo-surtelec-250x64-1.png","width":250,"height":64,"caption":"SURTELEC"},"image":{"@id":"https:\/\/www.surtelec.com\/en\/#\/schema\/logo\/image\/"},"sameAs":["https:\/\/www.facebook.com\/Surtlec-586987871403664\/","https:\/\/x.com\/Surtelec_","https:\/\/www.linkedin.com\/company\/surtelec\/"]}]}},"_links":{"self":[{"href":"https:\/\/www.surtelec.com\/en\/wp-json\/wp\/v2\/pages\/587","targetHints":{"allow":["GET"]}}],"collection":[{"href":"https:\/\/www.surtelec.com\/en\/wp-json\/wp\/v2\/pages"}],"about":[{"href":"https:\/\/www.surtelec.com\/en\/wp-json\/wp\/v2\/types\/page"}],"author":[{"embeddable":true,"href":"https:\/\/www.surtelec.com\/en\/wp-json\/wp\/v2\/users\/1"}],"replies":[{"embeddable":true,"href":"https:\/\/www.surtelec.com\/en\/wp-json\/wp\/v2\/comments?post=587"}],"version-history":[{"count":7,"href":"https:\/\/www.surtelec.com\/en\/wp-json\/wp\/v2\/pages\/587\/revisions"}],"predecessor-version":[{"id":715,"href":"https:\/\/www.surtelec.com\/en\/wp-json\/wp\/v2\/pages\/587\/revisions\/715"}],"wp:featuredmedia":[{"embeddable":true,"href":"https:\/\/www.surtelec.com\/en\/wp-json\/wp\/v2\/media\/495"}],"wp:attachment":[{"href":"https:\/\/www.surtelec.com\/en\/wp-json\/wp\/v2\/media?parent=587"}],"curies":[{"name":"wp","href":"https:\/\/api.w.org\/{rel}","templated":true}]}}