{"id":582,"date":"2022-07-20T09:51:00","date_gmt":"2022-07-20T07:51:00","guid":{"rendered":"https:\/\/www.surtelec.com\/qui-sommes-nous\/"},"modified":"2022-09-20T14:04:42","modified_gmt":"2022-09-20T12:04:42","slug":"about-us","status":"publish","type":"page","link":"https:\/\/www.surtelec.com\/en\/about-us\/","title":{"rendered":"About us"},"content":{"rendered":"<p>[vc_row padding_top_multiplier=&#8221;3x&#8221; padding_bottom_multiplier=&#8221;3x&#8221; equal_column_height=&#8221;middle-content&#8221; tablet_landscape_equal_column_height=&#8221;false&#8221; tablet_portrait_equal_column_height=&#8221;false&#8221; mobile_equal_column_height=&#8221;false&#8221;][vc_column width=&#8221;1\/2&#8243; heading_color=&#8221;light&#8221; clipping_animation=&#8221;clipping-right&#8221; animation_delay=&#8221;400&#8243; font_color=&#8221;#ffffff&#8221;]<div class=\"grve-element grve-image grve-align-center\" style=\"\">  <div class=\"grve-image-wrapper\"><img loading=\"lazy\" decoding=\"async\" width=\"530\" height=\"720\" src=\"https:\/\/www.surtelec.com\/wp-content\/uploads\/2022\/07\/eric-lesieure-surtelec-logo-530x720-1.jpg\" class=\"attachment-full size-full\" alt=\"\" srcset=\"https:\/\/www.surtelec.com\/wp-content\/uploads\/2022\/07\/eric-lesieure-surtelec-logo-530x720-1.jpg 530w, https:\/\/www.surtelec.com\/wp-content\/uploads\/2022\/07\/eric-lesieure-surtelec-logo-530x720-1-221x300.jpg 221w\" sizes=\"auto, (max-width: 530px) 100vw, 530px\" \/>   <\/div><\/div>[\/vc_column][vc_column width=&#8221;1\/2&#8243; clipping_animation=&#8221;clipping-left&#8221;]<style type=\"text\/css\">.grve-title-gradient.grve-title-69e176d40f161 > span,.grve-title-gradient.grve-title-69e176d40f161 .grve-clipping-content > span {color: #000000;background-image: -moz-linear-gradient(-45deg, #000000 0%, #000000 100%);background-image: -webkit-linear-gradient(-45deg, #000000 0%, #000000 100%);background-image: linear-gradient(135deg, #000000 0%, #000000 100%);}<\/style><div class=\"grve-element grve-title grve-align-left grve-leader-text grve-title-gradient grve-title-69e176d40f161\" style=\"margin-bottom: 10px;\"><span>The word from the entrepreneur of Surt\u00e9lec<\/span><\/div><h2 class=\"grve-element grve-title grve-align-left grve-h2\" style=\"\"><span><strong>Our success:<\/strong> innovation and customer satisfaction<br \/>\n<\/span><\/h2>[vc_column_text css=&#8221;.vc_custom_1662718921368{margin-bottom: 20px !important;}&#8221;]<em>\u00ab I created Surtelec in 1994, on the idea of an innovative product : the automatic recloser for circuit breaker. Subsequently, the company diversified its offer by also manufacturing surge arresters and lightning detectors. <\/em><\/p>\n<p>Over time, it has also diversified into the trade of circuit breakers and the wiring of electrical cabinets.<\/p>\n<p>What matters to me is customer satisfaction and a good working atmosphere. The quality of our products has allowed us to access markets with the largest companies; Orange, EDF, Vinci, VEOLIA\u2026 and to achieve up to 50% for export. \u00bb<\/p>\n<p><strong>\u00c9ric LESIEURE<br \/>\n<\/strong>CEO SURTELEC[\/vc_column_text]<div class=\"grve-empty-space\" style=\"height: 15px;\"><\/div>[\/vc_column][\/vc_row][vc_row bg_type=&#8221;gradient&#8221; bg_gradient_color_1=&#8221;#f4f4f4&#8243; bg_gradient_color_2=&#8221;rgba(255,255,255,0.9)&#8221; bg_gradient_direction=&#8221;135&#8243; padding_top_multiplier=&#8221;3x&#8221; padding_bottom_multiplier=&#8221;3x&#8221; equal_column_height=&#8221;middle-content&#8221; section_id=&#8221;services&#8221;][vc_column width=&#8221;1\/2&#8243; clipping_animation=&#8221;clipping-right&#8221;]<style type=\"text\/css\">.grve-title-gradient.grve-title-69e176d40f24c > span,.grve-title-gradient.grve-title-69e176d40f24c .grve-clipping-content > span {color: #000000;background-image: -moz-linear-gradient(-45deg, #000000 0%, #000000 100%);background-image: -webkit-linear-gradient(-45deg, #000000 0%, #000000 100%);background-image: linear-gradient(135deg, #000000 0%, #000000 100%);}<\/style><div class=\"grve-element grve-title grve-align-left grve-leader-text grve-title-gradient grve-title-69e176d40f24c\" style=\"margin-bottom: 10px;\"><span>SURTELEC Team<\/span><\/div><h2 class=\"grve-element grve-title grve-align-left grve-h2\" style=\"\"><span>Our <strong>organization<\/strong><\/span><\/h2>[vc_column_text css=&#8221;.vc_custom_1662718966116{margin-bottom: 20px !important;}&#8221;]Human values are the man focus of our organization.[\/vc_column_text]<div class=\"grve-element grve-box-icon grve-small grve-side-icon grve-align-left\" style=\"\"><div class=\"grve-wrapper-icon grve-no-shape\" style=\"\"><i class=\"grve-text-primary-1 fas fa-angle-right\"><\/i><\/div><div class=\"grve-box-content\"><div class=\"grve-box-title-wrapper\"><h4 class=\"grve-box-title grve-h4\">Board of directors<\/h4><\/div>  <p class=\"\">\u00c9ric LESIEURE<\/p><\/div><\/div><div class=\"grve-element grve-box-icon grve-small grve-side-icon grve-align-left\" style=\"\"><div class=\"grve-wrapper-icon grve-no-shape\" style=\"\"><i class=\"grve-text-primary-1 fas fa-angle-right\"><\/i><\/div><div class=\"grve-box-content\"><div class=\"grve-box-title-wrapper\"><h4 class=\"grve-box-title grve-h4\">Sales department<\/h4><\/div>  <p class=\"\">Olivier GAUTIER<\/p><\/div><\/div><div class=\"grve-element grve-box-icon grve-small grve-side-icon grve-align-left\" style=\"\"><div class=\"grve-wrapper-icon grve-no-shape\" style=\"\"><i class=\"grve-text-primary-1 fas fa-angle-right\"><\/i><\/div><div class=\"grve-box-content\"><div class=\"grve-box-title-wrapper\"><h4 class=\"grve-box-title grve-h4\">Sales department<\/h4><\/div>  <p class=\"\">Gw\u00e9nael LE GUENNE<\/p><\/div><\/div><div class=\"grve-element grve-box-icon grve-small grve-side-icon grve-align-left\" style=\"margin-bottom: 15px;\"><div class=\"grve-wrapper-icon grve-no-shape\" style=\"\"><i class=\"grve-text-primary-1 fas fa-angle-right\"><\/i><\/div><div class=\"grve-box-content\"><div class=\"grve-box-title-wrapper\"><h4 class=\"grve-box-title grve-h4\">Technical department<\/h4><\/div><\/div><\/div><div class=\"grve-element grve-box-icon grve-small grve-side-icon grve-align-left\" style=\"margin-bottom: 15px;\"><div class=\"grve-wrapper-icon grve-no-shape\" style=\"\"><i class=\"grve-text-primary-1 fas fa-angle-right\"><\/i><\/div><div class=\"grve-box-content\"><div class=\"grve-box-title-wrapper\"><h4 class=\"grve-box-title grve-h4\">Accounting department<\/h4><\/div><\/div><\/div><div class=\"grve-element grve-box-icon grve-small grve-side-icon grve-align-left\" style=\"margin-bottom: 15px;\"><div class=\"grve-wrapper-icon grve-no-shape\" style=\"\"><i class=\"grve-text-primary-1 fas fa-angle-right\"><\/i><\/div><div class=\"grve-box-content\"><div class=\"grve-box-title-wrapper\"><h4 class=\"grve-box-title grve-h4\">Supply department<\/h4><\/div><\/div><\/div><div class=\"grve-element grve-box-icon grve-small grve-side-icon grve-align-left\" style=\"margin-bottom: 15px;\"><div class=\"grve-wrapper-icon grve-no-shape\" style=\"\"><i class=\"grve-text-primary-1 fas fa-angle-right\"><\/i><\/div><div class=\"grve-box-content\"><div class=\"grve-box-title-wrapper\"><h4 class=\"grve-box-title grve-h4\">Production department<\/h4><\/div><\/div><\/div><div class=\"grve-element grve-box-icon grve-small grve-side-icon grve-align-left\" style=\"margin-bottom: 15px;\"><div class=\"grve-wrapper-icon grve-no-shape\" style=\"\"><i class=\"grve-text-primary-1 fas fa-angle-right\"><\/i><\/div><div class=\"grve-box-content\"><div class=\"grve-box-title-wrapper\"><h4 class=\"grve-box-title grve-h4\">Marketing\/Communication department<\/h4><\/div><\/div><\/div><div class=\"grve-empty-space\" style=\"height: 5px;\"><\/div>[\/vc_column][vc_column width=&#8221;1\/2&#8243; heading_color=&#8221;light&#8221; shadow=&#8221;medium&#8221; clipping_animation=&#8221;clipping-left&#8221; animation_delay=&#8221;400&#8243; css=&#8221;.vc_custom_1658319765845{background-image: url(https:\/\/www.surtelec.com\/wp-content\/uploads\/2022\/07\/background-bleu-degrade.jpg?id=300) !important;background-position: center !important;background-repeat: no-repeat !important;background-size: cover !important;border-radius: 10px !important;}&#8221; font_color=&#8221;#ffffff&#8221;][vc_column_text css=&#8221;.vc_custom_1662719101392{padding-top: 30px !important;padding-right: 30px !important;padding-left: 30px !important;}&#8221;]<\/p>\n<h2>Distribution channels<\/h2>\n<p>Establishment and distribution: Historically established in Pac\u00e9 near Rennes in Brittany, we ship our products in France but also internationally on all continents.[\/vc_column_text]<div class=\"grve-element grve-image grve-align-center\" style=\"margin-bottom: 20px;\">  <div class=\"grve-image-wrapper\"><img loading=\"lazy\" decoding=\"async\" width=\"640\" height=\"408\" src=\"https:\/\/www.surtelec.com\/wp-content\/uploads\/2022\/07\/map-surtelec-international-back-blue-640x408-1.png\" class=\"attachment-full size-full\" alt=\"\" srcset=\"https:\/\/www.surtelec.com\/wp-content\/uploads\/2022\/07\/map-surtelec-international-back-blue-640x408-1.png 640w, https:\/\/www.surtelec.com\/wp-content\/uploads\/2022\/07\/map-surtelec-international-back-blue-640x408-1-300x191.png 300w\" sizes=\"auto, (max-width: 640px) 100vw, 640px\" \/>   <\/div><\/div>[\/vc_column][\/vc_row][vc_row heading_color=&#8221;light&#8221; bg_type=&#8221;hosted_video&#8221; bg_image=&#8221;261&#8243; bg_video_effect=&#8221;parallax&#8221; pattern_overlay=&#8221;yes&#8221; padding_top_multiplier=&#8221;4x&#8221; padding_bottom_multiplier=&#8221;4x&#8221; columns_gap=&#8221;none&#8221; separator_bottom_size=&#8221;60px&#8221; bg_video_mp4=&#8221;https:\/\/www.surtelec.com\/wp-content\/uploads\/2022\/07\/video-header-surtelec-blue.mp4&#8243; font_color=&#8221;#ffffff&#8221;][vc_column heading_color=&#8221;light&#8221; text_align=&#8221;center&#8221;]<h2 class=\"grve-element grve-title grve-align-center grve-animated-item grve-duration-normal grve-fade-in-up grve-h2\" style=\"margin-bottom: 30px;\" data-delay=\"200\"><span>Discover Surtelec in video!<\/span><\/h2><div class=\"grve-element grve-align-center grve-animated-item grve-fade-in-up grve-duration-normal\" data-delay=\"400\"><a href=\"#video-surtelec\" class=\"grve-btn grve-btn-medium grve-square grve-bg-white grve-bg-hover-black grve-modal-popup\"><span><i class=\"fas fa-play-circle\"><\/i>Play video<\/span><\/a><\/div>\t\t\t<div class=\"grve-modal-element mfp-hide\" id=\"video-surtelec\">\r\n\t\t\t\t<div class=\"grve-section\">\r\n\t\t\t\t\t<div class=\"grve-container\">\r\n\t\t\t\t\t\t<div class=\"grve-row grve-columns-gap-30\">\r\n\t\t\t\t\t\t\t<div class=\"grve-column grve-column-1\">\r\n\t\t\t\t\t\t\t<div class=\"grve-element grve-video\" style=\"\"><iframe loading=\"lazy\" title=\"Vid\u00e9o SURTELEC\" width=\"1080\" height=\"608\" src=\"https:\/\/www.youtube.com\/embed\/p4VjQSsPDZE?feature=oembed\" frameborder=\"0\" allow=\"accelerometer; autoplay; clipboard-write; encrypted-media; gyroscope; picture-in-picture\" allowfullscreen><\/iframe><\/div>\t\t\t\t\t\t\t<\/div>\r\n\t\t\t\t\t\t<\/div>\r\n\t\t\t\t\t<\/div>\r\n\t\t\t\t<\/div>\r\n\t\t\t<\/div>\r\n\t\t[\/vc_column][\/vc_row][vc_row padding_top_multiplier=&#8221;4x&#8221; padding_bottom_multiplier=&#8221;4x&#8221; section_id=&#8221;nosatouts&#8221;][vc_column text_align=&#8221;center&#8221;]<div class=\"grve-element grve-title grve-align-inherit grve-animated-item grve-duration-normal grve-fade-in-up grve-leader-text\" style=\"margin-bottom: 10px;\" data-delay=\"200\"><span>Field of expertises<\/span><\/div><h2 class=\"grve-element grve-title grve-align-inherit grve-animated-item grve-duration-normal grve-fade-in-up grve-h2\" style=\"margin-bottom: 20px;\" data-delay=\"400\"><span><strong>Our fields <\/strong>of application<\/span><\/h2><h3 class=\"grve-element grve-title grve-align-inherit grve-animated-item grve-duration-normal grve-fade-in-up grve-h3\" style=\"margin-bottom: 10px;\" data-delay=\"600\"><span>Telecommunications \/ Broadcasting \/ Water treatment \/ Road signs \/ Networks \/ Solar plants<\/span><\/h3><div class=\"grve-element grve-image grve-animated-item grve-duration-normal grve-fade-in-up grve-align-center\" style=\"\" data-delay=\"800\">  <div class=\"grve-image-wrapper\"><img loading=\"lazy\" decoding=\"async\" width=\"548\" height=\"90\" src=\"https:\/\/www.surtelec.com\/wp-content\/uploads\/2022\/07\/pictos-secteurs.png\" class=\"attachment-full size-full\" alt=\"\" srcset=\"https:\/\/www.surtelec.com\/wp-content\/uploads\/2022\/07\/pictos-secteurs.png 548w, https:\/\/www.surtelec.com\/wp-content\/uploads\/2022\/07\/pictos-secteurs-300x49.png 300w\" sizes=\"auto, (max-width: 548px) 100vw, 548px\" \/>   <\/div><\/div>[\/vc_column][\/vc_row][vc_row padding_top_multiplier=&#8221;&#8221; padding_bottom_multiplier=&#8221;3x&#8221;][vc_column heading_color=&#8221;light&#8221; shadow=&#8221;medium&#8221; clipping_animation=&#8221;colored-clipping-left&#8221; clipping_animation_colors=&#8221;primary-2&#8243; css=&#8221;.vc_custom_1658250593504{padding-top: 5% !important;padding-right: 10% !important;padding-bottom: 5% !important;padding-left: 10% !important;background-image: url(https:\/\/www.surtelec.com\/wp-content\/uploads\/2022\/07\/background-bleu-degrade.jpg?id=300) !important;background-position: center !important;background-repeat: no-repeat !important;background-size: cover !important;border-radius: 10px !important;}&#8221; font_color=&#8221;#ffffff&#8221;]<div class=\"grve-element grve-callout grve-btn-right\" style=\"\">  <div class=\"grve-callout-wrapper\"><h2 class=\"grve-callout-content grve-h2\">Need information ?<\/h2>    <p class=\"\">Do not hesitate to contact us on <strong>02 99 13 14 15<\/strong> or via our form<\/p>  <\/div>  <div class=\"grve-button-wrapper\"><a href=\"https:\/\/www.surtelec.com\/en\/contact\/\" title=\"Contact us\" class=\"grve-btn grve-btn-medium grve-shadow-medium grve-square grve-bg-white grve-bg-hover-primary-2\"><span>Contact us !<\/span><\/a>  <\/div><\/div>[\/vc_column][\/vc_row][vc_row disable_element=&#8221;yes&#8221; bg_type=&#8221;image&#8221; bg_image=&#8221;260&#8243; bg_position=&#8221;right-center&#8221; pattern_overlay=&#8221;yes&#8221; color_overlay=&#8221;primary-2&#8243; opacity_overlay=&#8221;40&#8243; padding_top_multiplier=&#8221;2x&#8221; padding_bottom_multiplier=&#8221;2x&#8221;][vc_column heading_color=&#8221;light&#8221; font_color=&#8221;#ffffff&#8221;]<div class=\"grve-element grve-callout grve-btn-right\" style=\"\">  <div class=\"grve-callout-wrapper\"><h2 class=\"grve-callout-content grve-h2\">Besoin de renseignements ?<\/h2>    <p class=\"\">N&#8217;h\u00e9sitez pas \u00e0 nous contacter au <strong>02 99 13 14 15<\/strong> ou via notre formulaire<\/p>  <\/div>  <div class=\"grve-button-wrapper\"><a href=\"#\" class=\"grve-btn grve-btn-medium grve-shadow-medium grve-square grve-bg-white grve-bg-hover-primary-2\"><span>Contactez-nous !<\/span><\/a>  <\/div><\/div>[\/vc_column][\/vc_row]<\/p>\n","protected":false},"excerpt":{"rendered":"<p>[vc_row padding_top_multiplier=&#8221;3x&#8221; padding_bottom_multiplier=&#8221;3x&#8221; equal_column_height=&#8221;middle-content&#8221; tablet_landscape_equal_column_height=&#8221;false&#8221; tablet_portrait_equal_column_height=&#8221;false&#8221; mobile_equal_column_height=&#8221;false&#8221;][vc_column width=&#8221;1\/2&#8243; heading_color=&#8221;light&#8221; clipping_animation=&#8221;clipping-right&#8221; animation_delay=&#8221;400&#8243; font_color=&#8221;#ffffff&#8221;][\/vc_column][vc_column width=&#8221;1\/2&#8243; clipping_animation=&#8221;clipping-left&#8221;][vc_column_text css=&#8221;.vc_custom_1662718921368{margin-bottom: 20px !important;}&#8221;]\u00ab I created Surtelec in 1994, on the idea of an innovative product : the automatic recloser for circuit breaker. Subsequently, the company diversified its offer by also manufacturing surge arresters and lightning detectors. Over time, it has also [&hellip;]<\/p>\n","protected":false},"author":1,"featured_media":495,"parent":0,"menu_order":0,"comment_status":"closed","ping_status":"closed","template":"","meta":{"inline_featured_image":false,"footnotes":""},"class_list":["post-582","page","type-page","status-publish","has-post-thumbnail","hentry"],"yoast_head":"<!-- This site is optimized with the Yoast SEO plugin v26.8 - https:\/\/yoast.com\/product\/yoast-seo-wordpress\/ -->\n<title>SURTELEC - Who are we ?<\/title>\n<meta name=\"description\" content=\"Discover various information on the company Surtelec, specialist in the protection of unattended electrical installations\" \/>\n<meta name=\"robots\" content=\"index, follow, max-snippet:-1, max-image-preview:large, max-video-preview:-1\" \/>\n<link rel=\"canonical\" href=\"https:\/\/www.surtelec.com\/en\/about-us\/\" \/>\n<meta property=\"og:locale\" content=\"en_US\" \/>\n<meta property=\"og:type\" content=\"article\" \/>\n<meta property=\"og:title\" content=\"SURTELEC - Who are we ?\" \/>\n<meta property=\"og:description\" content=\"Discover various information on the company Surtelec, specialist in the protection of unattended electrical installations\" \/>\n<meta property=\"og:url\" content=\"https:\/\/www.surtelec.com\/en\/about-us\/\" \/>\n<meta property=\"og:site_name\" content=\"SURTELEC\" \/>\n<meta property=\"article:publisher\" content=\"https:\/\/www.facebook.com\/Surtlec-586987871403664\/\" \/>\n<meta property=\"article:modified_time\" content=\"2022-09-20T12:04:42+00:00\" \/>\n<meta property=\"og:image\" content=\"https:\/\/www.surtelec.com\/wp-content\/uploads\/2022\/07\/surtelec.jpg\" \/>\n\t<meta property=\"og:image:width\" content=\"640\" \/>\n\t<meta property=\"og:image:height\" content=\"360\" \/>\n\t<meta property=\"og:image:type\" content=\"image\/jpeg\" \/>\n<meta name=\"twitter:card\" content=\"summary_large_image\" \/>\n<meta name=\"twitter:site\" content=\"@Surtelec_\" \/>\n<meta name=\"twitter:label1\" content=\"Est. reading time\" \/>\n\t<meta name=\"twitter:data1\" content=\"7 minutes\" \/>\n<script type=\"application\/ld+json\" class=\"yoast-schema-graph\">{\"@context\":\"https:\/\/schema.org\",\"@graph\":[{\"@type\":\"WebPage\",\"@id\":\"https:\/\/www.surtelec.com\/en\/about-us\/\",\"url\":\"https:\/\/www.surtelec.com\/en\/about-us\/\",\"name\":\"SURTELEC - Who are we ?\",\"isPartOf\":{\"@id\":\"https:\/\/www.surtelec.com\/en\/#website\"},\"primaryImageOfPage\":{\"@id\":\"https:\/\/www.surtelec.com\/en\/about-us\/#primaryimage\"},\"image\":{\"@id\":\"https:\/\/www.surtelec.com\/en\/about-us\/#primaryimage\"},\"thumbnailUrl\":\"https:\/\/www.surtelec.com\/wp-content\/uploads\/2022\/07\/surtelec.jpg\",\"datePublished\":\"2022-07-20T07:51:00+00:00\",\"dateModified\":\"2022-09-20T12:04:42+00:00\",\"description\":\"Discover various information on the company Surtelec, specialist in the protection of unattended electrical installations\",\"breadcrumb\":{\"@id\":\"https:\/\/www.surtelec.com\/en\/about-us\/#breadcrumb\"},\"inLanguage\":\"en-US\",\"potentialAction\":[{\"@type\":\"ReadAction\",\"target\":[\"https:\/\/www.surtelec.com\/en\/about-us\/\"]}]},{\"@type\":\"ImageObject\",\"inLanguage\":\"en-US\",\"@id\":\"https:\/\/www.surtelec.com\/en\/about-us\/#primaryimage\",\"url\":\"https:\/\/www.surtelec.com\/wp-content\/uploads\/2022\/07\/surtelec.jpg\",\"contentUrl\":\"https:\/\/www.surtelec.com\/wp-content\/uploads\/2022\/07\/surtelec.jpg\",\"width\":640,\"height\":360},{\"@type\":\"BreadcrumbList\",\"@id\":\"https:\/\/www.surtelec.com\/en\/about-us\/#breadcrumb\",\"itemListElement\":[{\"@type\":\"ListItem\",\"position\":1,\"name\":\"Accueil\",\"item\":\"https:\/\/www.surtelec.com\/en\/\"},{\"@type\":\"ListItem\",\"position\":2,\"name\":\"About us\"}]},{\"@type\":\"WebSite\",\"@id\":\"https:\/\/www.surtelec.com\/en\/#website\",\"url\":\"https:\/\/www.surtelec.com\/en\/\",\"name\":\"SURTELEC\",\"description\":\"Surt\u00e9lec le sp\u00e9cialiste du d\u00e9veloppement, de la fabrication et de la commercialisation de produits d\u00e9di\u00e9s \u00e0 la protection des installations \u00e9lectriques isol\u00e9es\",\"publisher\":{\"@id\":\"https:\/\/www.surtelec.com\/en\/#organization\"},\"potentialAction\":[{\"@type\":\"SearchAction\",\"target\":{\"@type\":\"EntryPoint\",\"urlTemplate\":\"https:\/\/www.surtelec.com\/en\/?s={search_term_string}\"},\"query-input\":{\"@type\":\"PropertyValueSpecification\",\"valueRequired\":true,\"valueName\":\"search_term_string\"}}],\"inLanguage\":\"en-US\"},{\"@type\":\"Organization\",\"@id\":\"https:\/\/www.surtelec.com\/en\/#organization\",\"name\":\"SURTELEC\",\"url\":\"https:\/\/www.surtelec.com\/en\/\",\"logo\":{\"@type\":\"ImageObject\",\"inLanguage\":\"en-US\",\"@id\":\"https:\/\/www.surtelec.com\/en\/#\/schema\/logo\/image\/\",\"url\":\"https:\/\/www.surtelec.com\/wp-content\/uploads\/2022\/07\/logo-surtelec-250x64-1.png\",\"contentUrl\":\"https:\/\/www.surtelec.com\/wp-content\/uploads\/2022\/07\/logo-surtelec-250x64-1.png\",\"width\":250,\"height\":64,\"caption\":\"SURTELEC\"},\"image\":{\"@id\":\"https:\/\/www.surtelec.com\/en\/#\/schema\/logo\/image\/\"},\"sameAs\":[\"https:\/\/www.facebook.com\/Surtlec-586987871403664\/\",\"https:\/\/x.com\/Surtelec_\",\"https:\/\/www.linkedin.com\/company\/surtelec\/\"]}]}<\/script>\n<!-- \/ Yoast SEO plugin. -->","yoast_head_json":{"title":"SURTELEC - Who are we ?","description":"Discover various information on the company Surtelec, specialist in the protection of unattended electrical installations","robots":{"index":"index","follow":"follow","max-snippet":"max-snippet:-1","max-image-preview":"max-image-preview:large","max-video-preview":"max-video-preview:-1"},"canonical":"https:\/\/www.surtelec.com\/en\/about-us\/","og_locale":"en_US","og_type":"article","og_title":"SURTELEC - Who are we ?","og_description":"Discover various information on the company Surtelec, specialist in the protection of unattended electrical installations","og_url":"https:\/\/www.surtelec.com\/en\/about-us\/","og_site_name":"SURTELEC","article_publisher":"https:\/\/www.facebook.com\/Surtlec-586987871403664\/","article_modified_time":"2022-09-20T12:04:42+00:00","og_image":[{"width":640,"height":360,"url":"https:\/\/www.surtelec.com\/wp-content\/uploads\/2022\/07\/surtelec.jpg","type":"image\/jpeg"}],"twitter_card":"summary_large_image","twitter_site":"@Surtelec_","twitter_misc":{"Est. reading time":"7 minutes"},"schema":{"@context":"https:\/\/schema.org","@graph":[{"@type":"WebPage","@id":"https:\/\/www.surtelec.com\/en\/about-us\/","url":"https:\/\/www.surtelec.com\/en\/about-us\/","name":"SURTELEC - Who are we ?","isPartOf":{"@id":"https:\/\/www.surtelec.com\/en\/#website"},"primaryImageOfPage":{"@id":"https:\/\/www.surtelec.com\/en\/about-us\/#primaryimage"},"image":{"@id":"https:\/\/www.surtelec.com\/en\/about-us\/#primaryimage"},"thumbnailUrl":"https:\/\/www.surtelec.com\/wp-content\/uploads\/2022\/07\/surtelec.jpg","datePublished":"2022-07-20T07:51:00+00:00","dateModified":"2022-09-20T12:04:42+00:00","description":"Discover various information on the company Surtelec, specialist in the protection of unattended electrical installations","breadcrumb":{"@id":"https:\/\/www.surtelec.com\/en\/about-us\/#breadcrumb"},"inLanguage":"en-US","potentialAction":[{"@type":"ReadAction","target":["https:\/\/www.surtelec.com\/en\/about-us\/"]}]},{"@type":"ImageObject","inLanguage":"en-US","@id":"https:\/\/www.surtelec.com\/en\/about-us\/#primaryimage","url":"https:\/\/www.surtelec.com\/wp-content\/uploads\/2022\/07\/surtelec.jpg","contentUrl":"https:\/\/www.surtelec.com\/wp-content\/uploads\/2022\/07\/surtelec.jpg","width":640,"height":360},{"@type":"BreadcrumbList","@id":"https:\/\/www.surtelec.com\/en\/about-us\/#breadcrumb","itemListElement":[{"@type":"ListItem","position":1,"name":"Accueil","item":"https:\/\/www.surtelec.com\/en\/"},{"@type":"ListItem","position":2,"name":"About us"}]},{"@type":"WebSite","@id":"https:\/\/www.surtelec.com\/en\/#website","url":"https:\/\/www.surtelec.com\/en\/","name":"SURTELEC","description":"Surt\u00e9lec le sp\u00e9cialiste du d\u00e9veloppement, de la fabrication et de la commercialisation de produits d\u00e9di\u00e9s \u00e0 la protection des installations \u00e9lectriques isol\u00e9es","publisher":{"@id":"https:\/\/www.surtelec.com\/en\/#organization"},"potentialAction":[{"@type":"SearchAction","target":{"@type":"EntryPoint","urlTemplate":"https:\/\/www.surtelec.com\/en\/?s={search_term_string}"},"query-input":{"@type":"PropertyValueSpecification","valueRequired":true,"valueName":"search_term_string"}}],"inLanguage":"en-US"},{"@type":"Organization","@id":"https:\/\/www.surtelec.com\/en\/#organization","name":"SURTELEC","url":"https:\/\/www.surtelec.com\/en\/","logo":{"@type":"ImageObject","inLanguage":"en-US","@id":"https:\/\/www.surtelec.com\/en\/#\/schema\/logo\/image\/","url":"https:\/\/www.surtelec.com\/wp-content\/uploads\/2022\/07\/logo-surtelec-250x64-1.png","contentUrl":"https:\/\/www.surtelec.com\/wp-content\/uploads\/2022\/07\/logo-surtelec-250x64-1.png","width":250,"height":64,"caption":"SURTELEC"},"image":{"@id":"https:\/\/www.surtelec.com\/en\/#\/schema\/logo\/image\/"},"sameAs":["https:\/\/www.facebook.com\/Surtlec-586987871403664\/","https:\/\/x.com\/Surtelec_","https:\/\/www.linkedin.com\/company\/surtelec\/"]}]}},"_links":{"self":[{"href":"https:\/\/www.surtelec.com\/en\/wp-json\/wp\/v2\/pages\/582","targetHints":{"allow":["GET"]}}],"collection":[{"href":"https:\/\/www.surtelec.com\/en\/wp-json\/wp\/v2\/pages"}],"about":[{"href":"https:\/\/www.surtelec.com\/en\/wp-json\/wp\/v2\/types\/page"}],"author":[{"embeddable":true,"href":"https:\/\/www.surtelec.com\/en\/wp-json\/wp\/v2\/users\/1"}],"replies":[{"embeddable":true,"href":"https:\/\/www.surtelec.com\/en\/wp-json\/wp\/v2\/comments?post=582"}],"version-history":[{"count":9,"href":"https:\/\/www.surtelec.com\/en\/wp-json\/wp\/v2\/pages\/582\/revisions"}],"predecessor-version":[{"id":701,"href":"https:\/\/www.surtelec.com\/en\/wp-json\/wp\/v2\/pages\/582\/revisions\/701"}],"wp:featuredmedia":[{"embeddable":true,"href":"https:\/\/www.surtelec.com\/en\/wp-json\/wp\/v2\/media\/495"}],"wp:attachment":[{"href":"https:\/\/www.surtelec.com\/en\/wp-json\/wp\/v2\/media?parent=582"}],"curies":[{"name":"wp","href":"https:\/\/api.w.org\/{rel}","templated":true}]}}