{"id":521,"date":"2022-07-22T13:50:51","date_gmt":"2022-07-22T11:50:51","guid":{"rendered":"https:\/\/www.surtelec.com\/contact\/"},"modified":"2022-09-21T11:33:03","modified_gmt":"2022-09-21T09:33:03","slug":"contact","status":"publish","type":"page","link":"https:\/\/www.surtelec.com\/en\/contact\/","title":{"rendered":"Contact us"},"content":{"rendered":"<p>[vc_row padding_top_multiplier=&#8221;3x&#8221; padding_bottom_multiplier=&#8221;5x&#8221;][vc_column width=&#8221;1\/2&#8243; clipping_animation=&#8221;clipping-left&#8221;]<h2 class=\"grve-element grve-title grve-align-left grve-h2\" style=\"\"><span>Contact information<\/span><\/h2>[vc_column_text css=&#8221;.vc_custom_1659683348158{margin-bottom: 20px !important;}&#8221;]<a href=\"https:\/\/www.google.com\/maps\/place\/7+Bd+de+l%E2%80%99Odet,+35740+Pac%C3%A9\/@48.145244,-1.758549,17z\/data=!3m1!4b1!4m5!3m4!1s0x480ee134a2c45967:0x20db3da28696dd75!8m2!3d48.145244!4d-1.758549\" target=\"_blank\" rel=\"noopener\">7 boulevard de l&#8217;Odet<br \/>\n35740 Pac\u00e9<br \/>\nFRANCE<\/a><\/p>\n<h3>Phone : <a href=\"tel:+33299131415\" rel=\"noopener\"><strong>+33 2 99 13 14 15<\/strong><\/a><\/h3>\n<p>E-mail : mail@surtelec.com[\/vc_column_text]<div class=\"grve-empty-space\" style=\"height: 15px;\"><\/div>[\/vc_column][vc_column width=&#8221;1\/2&#8243; clipping_animation=&#8221;clipping-right&#8221; animation_delay=&#8221;400&#8243;]<h3 class=\"grve-element grve-title grve-align-left grve-h3\" style=\"\"><span>Contact form<\/span><\/h3>\n<div class=\"wpcf7 no-js\" id=\"wpcf7-f609-o1\" lang=\"en-US\" dir=\"ltr\" data-wpcf7-id=\"609\">\n<div class=\"screen-reader-response\"><p role=\"status\" aria-live=\"polite\" aria-atomic=\"true\"><\/p> <ul><\/ul><\/div>\n<form action=\"\/en\/wp-json\/wp\/v2\/pages\/521#wpcf7-f609-o1\" method=\"post\" class=\"wpcf7-form init\" aria-label=\"Contact form\" novalidate=\"novalidate\" data-status=\"init\">\n<fieldset class=\"hidden-fields-container\"><input type=\"hidden\" name=\"_wpcf7\" value=\"609\" \/><input type=\"hidden\" name=\"_wpcf7_version\" value=\"6.1.4\" \/><input type=\"hidden\" name=\"_wpcf7_locale\" value=\"en_US\" \/><input type=\"hidden\" name=\"_wpcf7_unit_tag\" value=\"wpcf7-f609-o1\" \/><input type=\"hidden\" name=\"_wpcf7_container_post\" value=\"0\" \/><input type=\"hidden\" name=\"_wpcf7_posted_data_hash\" value=\"\" \/><input type=\"hidden\" name=\"_wpcf7_recaptcha_response\" value=\"\" \/>\n<\/fieldset>\n<div class=\"grve-form\">\n\t<div class=\"grve-fields-wrapper\">\n\t\t<div class=\"grve-one-third grve-with-icon\">\n\t\t\t<p><i class=\"fa fa-user\"><\/i><span class=\"wpcf7-form-control-wrap\" data-name=\"your-name\"><input size=\"40\" maxlength=\"400\" class=\"wpcf7-form-control wpcf7-text\" aria-invalid=\"false\" placeholder=\"Name\" value=\"\" type=\"text\" name=\"your-name\" \/><\/span>\n\t\t\t<\/p>\n\t\t<\/div>\n\t\t<div class=\"grve-one-third grve-with-icon\">\n\t\t\t<p><i class=\"fa fa-envelope\"><\/i><span class=\"wpcf7-form-control-wrap\" data-name=\"your-email\"><input size=\"40\" maxlength=\"400\" class=\"wpcf7-form-control wpcf7-email wpcf7-validates-as-required wpcf7-text wpcf7-validates-as-email\" aria-required=\"true\" aria-invalid=\"false\" placeholder=\"E-mail (required)\" value=\"\" type=\"email\" name=\"your-email\" \/><\/span>\n\t\t\t<\/p>\n\t\t<\/div>\n\t\t<div class=\"grve-one-third grve-with-icon grve-last-column\">\n\t\t\t<p><i class=\"fa fa-pencil\"><\/i><span class=\"wpcf7-form-control-wrap\" data-name=\"your-subject\"><input size=\"40\" maxlength=\"400\" class=\"wpcf7-form-control wpcf7-text\" aria-invalid=\"false\" placeholder=\"Subject\" value=\"\" type=\"text\" name=\"your-subject\" \/><\/span>\n\t\t\t<\/p>\n\t\t<\/div>\n\t\t<div>\n\t\t\t<p><span class=\"wpcf7-form-control-wrap\" data-name=\"your-message\"><textarea cols=\"40\" rows=\"10\" maxlength=\"2000\" class=\"wpcf7-form-control wpcf7-textarea\" aria-invalid=\"false\" placeholder=\"Message\" name=\"your-message\"><\/textarea><\/span>\n\t\t\t<\/p>\n\t\t<\/div>\n\t\t<div class=\"grve-align-left\">\n\t\t\t<p><input class=\"wpcf7-form-control wpcf7-submit has-spinner\" type=\"submit\" value=\"Send\" \/>\n\t\t\t<\/p>\n\t\t<\/div>\n\t<\/div>\n<\/div><div class=\"wpcf7-response-output\" aria-hidden=\"true\"><\/div>\n<\/form>\n<\/div>\n[\/vc_column][\/vc_row][vc_row][vc_column]<div class=\"grve-empty-space grve-height-1x\" style=\"\"><\/div>[\/vc_column][\/vc_row]<\/p>\n","protected":false},"excerpt":{"rendered":"<p>[vc_row padding_top_multiplier=&#8221;3x&#8221; padding_bottom_multiplier=&#8221;5x&#8221;][vc_column width=&#8221;1\/2&#8243; clipping_animation=&#8221;clipping-left&#8221;][vc_column_text css=&#8221;.vc_custom_1659683348158{margin-bottom: 20px !important;}&#8221;]7 boulevard de l&#8217;Odet 35740 Pac\u00e9 FRANCE Phone : +33 2 99 13 14 15 E-mail : mail@surtelec.com[\/vc_column_text][\/vc_column][vc_column width=&#8221;1\/2&#8243; clipping_animation=&#8221;clipping-right&#8221; animation_delay=&#8221;400&#8243;][\/vc_column][\/vc_row][vc_row][vc_column][\/vc_column][\/vc_row]<\/p>\n","protected":false},"author":1,"featured_media":495,"parent":0,"menu_order":0,"comment_status":"closed","ping_status":"closed","template":"","meta":{"inline_featured_image":false,"footnotes":""},"class_list":["post-521","page","type-page","status-publish","has-post-thumbnail","hentry"],"yoast_head":"<!-- This site is optimized with the Yoast SEO plugin v26.8 - https:\/\/yoast.com\/product\/yoast-seo-wordpress\/ -->\n<title>Contact SURTELEC<\/title>\n<meta name=\"description\" content=\"Find our contact details and our contact form\" \/>\n<meta name=\"robots\" content=\"index, follow, max-snippet:-1, max-image-preview:large, max-video-preview:-1\" \/>\n<link rel=\"canonical\" href=\"https:\/\/www.surtelec.com\/en\/contact\/\" \/>\n<meta property=\"og:locale\" content=\"en_US\" \/>\n<meta property=\"og:type\" content=\"article\" \/>\n<meta property=\"og:title\" content=\"Contact SURTELEC\" \/>\n<meta property=\"og:description\" content=\"Find our contact details and our contact form\" \/>\n<meta property=\"og:url\" content=\"https:\/\/www.surtelec.com\/en\/contact\/\" \/>\n<meta property=\"og:site_name\" content=\"SURTELEC\" \/>\n<meta property=\"article:publisher\" content=\"https:\/\/www.facebook.com\/Surtlec-586987871403664\/\" \/>\n<meta property=\"article:modified_time\" content=\"2022-09-21T09:33:03+00:00\" \/>\n<meta property=\"og:image\" content=\"https:\/\/www.surtelec.com\/wp-content\/uploads\/2022\/07\/surtelec.jpg\" \/>\n\t<meta property=\"og:image:width\" content=\"640\" \/>\n\t<meta property=\"og:image:height\" content=\"360\" \/>\n\t<meta property=\"og:image:type\" content=\"image\/jpeg\" \/>\n<meta name=\"twitter:card\" content=\"summary_large_image\" \/>\n<meta name=\"twitter:site\" content=\"@Surtelec_\" \/>\n<meta name=\"twitter:label1\" content=\"Est. reading time\" \/>\n\t<meta name=\"twitter:data1\" content=\"7 minutes\" \/>\n<script type=\"application\/ld+json\" class=\"yoast-schema-graph\">{\"@context\":\"https:\/\/schema.org\",\"@graph\":[{\"@type\":\"WebPage\",\"@id\":\"https:\/\/www.surtelec.com\/en\/contact\/\",\"url\":\"https:\/\/www.surtelec.com\/en\/contact\/\",\"name\":\"Contact SURTELEC\",\"isPartOf\":{\"@id\":\"https:\/\/www.surtelec.com\/en\/#website\"},\"primaryImageOfPage\":{\"@id\":\"https:\/\/www.surtelec.com\/en\/contact\/#primaryimage\"},\"image\":{\"@id\":\"https:\/\/www.surtelec.com\/en\/contact\/#primaryimage\"},\"thumbnailUrl\":\"https:\/\/www.surtelec.com\/wp-content\/uploads\/2022\/07\/surtelec.jpg\",\"datePublished\":\"2022-07-22T11:50:51+00:00\",\"dateModified\":\"2022-09-21T09:33:03+00:00\",\"description\":\"Find our contact details and our contact form\",\"breadcrumb\":{\"@id\":\"https:\/\/www.surtelec.com\/en\/contact\/#breadcrumb\"},\"inLanguage\":\"en-US\",\"potentialAction\":[{\"@type\":\"ReadAction\",\"target\":[\"https:\/\/www.surtelec.com\/en\/contact\/\"]}]},{\"@type\":\"ImageObject\",\"inLanguage\":\"en-US\",\"@id\":\"https:\/\/www.surtelec.com\/en\/contact\/#primaryimage\",\"url\":\"https:\/\/www.surtelec.com\/wp-content\/uploads\/2022\/07\/surtelec.jpg\",\"contentUrl\":\"https:\/\/www.surtelec.com\/wp-content\/uploads\/2022\/07\/surtelec.jpg\",\"width\":640,\"height\":360},{\"@type\":\"BreadcrumbList\",\"@id\":\"https:\/\/www.surtelec.com\/en\/contact\/#breadcrumb\",\"itemListElement\":[{\"@type\":\"ListItem\",\"position\":1,\"name\":\"Accueil\",\"item\":\"https:\/\/www.surtelec.com\/en\/\"},{\"@type\":\"ListItem\",\"position\":2,\"name\":\"Contact us\"}]},{\"@type\":\"WebSite\",\"@id\":\"https:\/\/www.surtelec.com\/en\/#website\",\"url\":\"https:\/\/www.surtelec.com\/en\/\",\"name\":\"SURTELEC\",\"description\":\"Surt\u00e9lec le sp\u00e9cialiste du d\u00e9veloppement, de la fabrication et de la commercialisation de produits d\u00e9di\u00e9s \u00e0 la protection des installations \u00e9lectriques isol\u00e9es\",\"publisher\":{\"@id\":\"https:\/\/www.surtelec.com\/en\/#organization\"},\"potentialAction\":[{\"@type\":\"SearchAction\",\"target\":{\"@type\":\"EntryPoint\",\"urlTemplate\":\"https:\/\/www.surtelec.com\/en\/?s={search_term_string}\"},\"query-input\":{\"@type\":\"PropertyValueSpecification\",\"valueRequired\":true,\"valueName\":\"search_term_string\"}}],\"inLanguage\":\"en-US\"},{\"@type\":\"Organization\",\"@id\":\"https:\/\/www.surtelec.com\/en\/#organization\",\"name\":\"SURTELEC\",\"url\":\"https:\/\/www.surtelec.com\/en\/\",\"logo\":{\"@type\":\"ImageObject\",\"inLanguage\":\"en-US\",\"@id\":\"https:\/\/www.surtelec.com\/en\/#\/schema\/logo\/image\/\",\"url\":\"https:\/\/www.surtelec.com\/wp-content\/uploads\/2022\/07\/logo-surtelec-250x64-1.png\",\"contentUrl\":\"https:\/\/www.surtelec.com\/wp-content\/uploads\/2022\/07\/logo-surtelec-250x64-1.png\",\"width\":250,\"height\":64,\"caption\":\"SURTELEC\"},\"image\":{\"@id\":\"https:\/\/www.surtelec.com\/en\/#\/schema\/logo\/image\/\"},\"sameAs\":[\"https:\/\/www.facebook.com\/Surtlec-586987871403664\/\",\"https:\/\/x.com\/Surtelec_\",\"https:\/\/www.linkedin.com\/company\/surtelec\/\"]}]}<\/script>\n<!-- \/ Yoast SEO plugin. -->","yoast_head_json":{"title":"Contact SURTELEC","description":"Find our contact details and our contact form","robots":{"index":"index","follow":"follow","max-snippet":"max-snippet:-1","max-image-preview":"max-image-preview:large","max-video-preview":"max-video-preview:-1"},"canonical":"https:\/\/www.surtelec.com\/en\/contact\/","og_locale":"en_US","og_type":"article","og_title":"Contact SURTELEC","og_description":"Find our contact details and our contact form","og_url":"https:\/\/www.surtelec.com\/en\/contact\/","og_site_name":"SURTELEC","article_publisher":"https:\/\/www.facebook.com\/Surtlec-586987871403664\/","article_modified_time":"2022-09-21T09:33:03+00:00","og_image":[{"width":640,"height":360,"url":"https:\/\/www.surtelec.com\/wp-content\/uploads\/2022\/07\/surtelec.jpg","type":"image\/jpeg"}],"twitter_card":"summary_large_image","twitter_site":"@Surtelec_","twitter_misc":{"Est. reading time":"7 minutes"},"schema":{"@context":"https:\/\/schema.org","@graph":[{"@type":"WebPage","@id":"https:\/\/www.surtelec.com\/en\/contact\/","url":"https:\/\/www.surtelec.com\/en\/contact\/","name":"Contact SURTELEC","isPartOf":{"@id":"https:\/\/www.surtelec.com\/en\/#website"},"primaryImageOfPage":{"@id":"https:\/\/www.surtelec.com\/en\/contact\/#primaryimage"},"image":{"@id":"https:\/\/www.surtelec.com\/en\/contact\/#primaryimage"},"thumbnailUrl":"https:\/\/www.surtelec.com\/wp-content\/uploads\/2022\/07\/surtelec.jpg","datePublished":"2022-07-22T11:50:51+00:00","dateModified":"2022-09-21T09:33:03+00:00","description":"Find our contact details and our contact form","breadcrumb":{"@id":"https:\/\/www.surtelec.com\/en\/contact\/#breadcrumb"},"inLanguage":"en-US","potentialAction":[{"@type":"ReadAction","target":["https:\/\/www.surtelec.com\/en\/contact\/"]}]},{"@type":"ImageObject","inLanguage":"en-US","@id":"https:\/\/www.surtelec.com\/en\/contact\/#primaryimage","url":"https:\/\/www.surtelec.com\/wp-content\/uploads\/2022\/07\/surtelec.jpg","contentUrl":"https:\/\/www.surtelec.com\/wp-content\/uploads\/2022\/07\/surtelec.jpg","width":640,"height":360},{"@type":"BreadcrumbList","@id":"https:\/\/www.surtelec.com\/en\/contact\/#breadcrumb","itemListElement":[{"@type":"ListItem","position":1,"name":"Accueil","item":"https:\/\/www.surtelec.com\/en\/"},{"@type":"ListItem","position":2,"name":"Contact us"}]},{"@type":"WebSite","@id":"https:\/\/www.surtelec.com\/en\/#website","url":"https:\/\/www.surtelec.com\/en\/","name":"SURTELEC","description":"Surt\u00e9lec le sp\u00e9cialiste du d\u00e9veloppement, de la fabrication et de la commercialisation de produits d\u00e9di\u00e9s \u00e0 la protection des installations \u00e9lectriques isol\u00e9es","publisher":{"@id":"https:\/\/www.surtelec.com\/en\/#organization"},"potentialAction":[{"@type":"SearchAction","target":{"@type":"EntryPoint","urlTemplate":"https:\/\/www.surtelec.com\/en\/?s={search_term_string}"},"query-input":{"@type":"PropertyValueSpecification","valueRequired":true,"valueName":"search_term_string"}}],"inLanguage":"en-US"},{"@type":"Organization","@id":"https:\/\/www.surtelec.com\/en\/#organization","name":"SURTELEC","url":"https:\/\/www.surtelec.com\/en\/","logo":{"@type":"ImageObject","inLanguage":"en-US","@id":"https:\/\/www.surtelec.com\/en\/#\/schema\/logo\/image\/","url":"https:\/\/www.surtelec.com\/wp-content\/uploads\/2022\/07\/logo-surtelec-250x64-1.png","contentUrl":"https:\/\/www.surtelec.com\/wp-content\/uploads\/2022\/07\/logo-surtelec-250x64-1.png","width":250,"height":64,"caption":"SURTELEC"},"image":{"@id":"https:\/\/www.surtelec.com\/en\/#\/schema\/logo\/image\/"},"sameAs":["https:\/\/www.facebook.com\/Surtlec-586987871403664\/","https:\/\/x.com\/Surtelec_","https:\/\/www.linkedin.com\/company\/surtelec\/"]}]}},"_links":{"self":[{"href":"https:\/\/www.surtelec.com\/en\/wp-json\/wp\/v2\/pages\/521","targetHints":{"allow":["GET"]}}],"collection":[{"href":"https:\/\/www.surtelec.com\/en\/wp-json\/wp\/v2\/pages"}],"about":[{"href":"https:\/\/www.surtelec.com\/en\/wp-json\/wp\/v2\/types\/page"}],"author":[{"embeddable":true,"href":"https:\/\/www.surtelec.com\/en\/wp-json\/wp\/v2\/users\/1"}],"replies":[{"embeddable":true,"href":"https:\/\/www.surtelec.com\/en\/wp-json\/wp\/v2\/comments?post=521"}],"version-history":[{"count":6,"href":"https:\/\/www.surtelec.com\/en\/wp-json\/wp\/v2\/pages\/521\/revisions"}],"predecessor-version":[{"id":718,"href":"https:\/\/www.surtelec.com\/en\/wp-json\/wp\/v2\/pages\/521\/revisions\/718"}],"wp:featuredmedia":[{"embeddable":true,"href":"https:\/\/www.surtelec.com\/en\/wp-json\/wp\/v2\/media\/495"}],"wp:attachment":[{"href":"https:\/\/www.surtelec.com\/en\/wp-json\/wp\/v2\/media?parent=521"}],"curies":[{"name":"wp","href":"https:\/\/api.w.org\/{rel}","templated":true}]}}